{"id":8959,"date":"2023-12-15T09:11:48","date_gmt":"2023-12-15T08:11:48","guid":{"rendered":"https:\/\/schizophrenialife.md\/public\/?page_id=8959"},"modified":"2025-12-18T13:35:55","modified_gmt":"2025-12-18T12:35:55","slug":"schizofrenia-la-scoala-si-serviciu","status":"publish","type":"page","link":"https:\/\/schizophrenialife.md\/public\/schizofrenia-la-scoala-si-serviciu\/","title":{"rendered":"Schizofrenia la \u0219coal\u0103 \u0219i serviciu"},"content":{"rendered":"\n<div class=\"wp-block-rea-hero-banner-rea-hero-banner-block rea-hero-banner-block front has-margin no-btn\"><div class=\"rea-hero-banner-block__image\" style=\"background-image: url(https:\/\/schizophrenialife.md\/public\/wp-content\/uploads\/2019\/03\/wooden.png)\"><img decoding=\"async\" class=\"hero-banner-background\" alt=\"\" src=\"https:\/\/schizophrenialife.md\/public\/wp-content\/uploads\/2019\/03\/wooden.png\"><\/div><div class=\"rea-hero-banner-block__content\"><div class=\"rea-hero-banner-block__content--wrapper\"><div class=\"text-wrapper\"><h1 class=\"hero-banner-title\">Schizofrenia la \u0219coal\u0103 \u0219i serviciu<\/h1><p class=\"hero-banner-text\">Persoanele cu schizofrenie sufer\u0103 adesea din cauza \u0219omajului sistematic. Stigmatul \u00een ceea ce prive\u0219te s\u0103n\u0103tatea mintal\u0103 a bolnavilor determin\u0103 numero\u0219i angajatori \u0219i autorit\u0103\u021bi guvernamentale s\u0103 \u00een\u021beleag\u0103 gre\u0219it boala \u0219i posibiltatea acestora de a fi angaja\u021bi. Am inclus c\u00e2teva sugestii importante pentru angajatori, familii, cadre medicale \u0219i institu\u021bii pentru a \u00eembun\u0103t\u0103\u021bi num\u0103rul redus de angaj\u0103ri pentru persoanele cu schizofrenie.<\/p><a class=\"button__primary button-text\" href=\"\"><\/a><p class=\"hero-banner-signed-out-text js-hide-dc-signed-in\"><\/p><\/div><div class=\"image-wrapper\"><img decoding=\"async\" class=\"hero-banner-image js-rea-parallax\" alt=\"\" src=\"https:\/\/schizophrenialife.md\/public\/wp-content\/uploads\/2021\/11\/man-floor-black-white.jpg\"><\/div><\/div><\/div><\/div>\n\n\n\n<div class=\"wp-block-rea-paragraph-rea-paragraph-block rea-paragraph-block front\"><div class=\"rea-paragraph-block__content\"><p class=\"content-text\"><br>Persoanele cu probleme de s\u0103n\u0103tate mintal\u0103 cronic\u0103, inclusiv schizofrenie, se confrunt\u0103 cu obstacole \u00een activitatea profesional\u0103, din cauza stigmatiz\u0103rii, prejudec\u0103\u021bilor \u0219i discrimin\u0103rii<sup>1<\/sup>. \u00cen ciuda faptului c\u0103 publicul devine tot mai instruit \u00een general \u00een leg\u0103tur\u0103 cu s\u0103n\u0103tatea mintal\u0103, stigmatizarea este \u00eenc\u0103 prezent\u0103 c\u00e2nd vine vorba despre schizofrenie. Unii consider\u0103 c\u0103 persoanele cu schizofrenie pot fi violente, c\u0103 nu pot p\u0103stra un loc de munc\u0103 stabil \u0219i\/sau comportamentul lor se poate schimba brusc \u0219i neprev\u0103zut<sup>2<\/sup>.<br><br>De regul\u0103, schizofrenia apare la v\u00e2rsta de 18\u00a0\u2013\u00a035 de ani, c\u00e2nd majoritatea persoanelor sunt la facultate sau \u00ee\u0219i pun bazele carierei<sup>3<\/sup>. Stabilirea unui diagnostic de schizofrenie pare descurajator \u0219i poate afecta planurile cuiva, deoarece este posibil s\u0103 nu primeasc\u0103 niciodat\u0103 educa\u021bia sau instruirea necesare pentru a reu\u0219i. Prin urmare, schizofrenia este considerat\u0103 ca av\u00e2nd un impact uria\u0219 asupra oportunit\u0103\u021bilor lor educa\u021bionale \u0219i de angajare. Pentru cei care lucreaz\u0103, simptomele bolii, reac\u021biile adverse la tratament \u0219i recidiva le pot afecta capacitatea de a r\u0103m\u00e2ne angaja\u021bi<sup>4<\/sup>.<br><br>Mai multe studii au ar\u0103tat c\u0103 persoanele cu schizofrenie din locurile de munc\u0103 pl\u0103tite sunt de cinci ori mai predispu\u0219i s\u0103 ajung\u0103 la o remisie func\u021bional\u0103 dec\u00e2t cei \u0219omeri sau \u00eentr-o form\u0103 de angajare f\u0103r\u0103 plat\u0103<sup>5,6<\/sup>. \u00cen ciuda exprim\u0103rii repetate a necesit\u0103\u021bii instruirii pentru un loc de munc\u0103, a serviciilor de plasare \u0219i sprijin a for\u021bei de munc\u0103, acest grup se confrunt\u0103 cu una din ele mai mari rate de \u0219omaj dintre grupele dezavantajate profesional<sup>7<\/sup>. <br><br>Ratele de angajare competitive pentru schizofrenie sunt mici comparativ cu popula\u021bia general\u0103, cu cele mai mari valori \u00een SUA \u0219i Europa care indic\u0103 faptul c\u0103 mai pu\u021bin de 20% din persoanele cu schizofrenie lucreaz\u0103<sup>8<\/sup>. Sondajele privind consumatorii cu schizofrenie indic\u0103 nemul\u021bumirea \u00een ceea ce prive\u0219te ratele mici de angajare, cu 55% &#8211; 70% indic\u00e2nd interes privind munca<sup>9<\/sup>.<br><br>Costurile \u0219omajului sunt ridicate pentru aceast\u0103 popula\u021bie, nu doar \u00een ceea ce prive\u0219te mijloacele financiare, ci \u0219i \u00een ceea ce prive\u0219te faptul c\u0103 nu primesc un rol important la nivel social, precum \u0219i privarea de beneficii clinice, cum ar fi o stim\u0103 de sine sau o eficien\u021b\u0103 autonom\u0103 mai bun\u0103<sup>10<\/sup>. \u00cen plus, promisiunea unui loc de munc\u0103 men\u021bine poten\u021bialul de reducere sau eliminare a pl\u0103\u021bilor pentru venitul asociat dizabilit\u0103\u021bilor cel pu\u021bin pentru anumite persoane din comunitate<sup>11<\/sup>.<br><\/p><\/div><\/div>\n\n\n\n<div class=\"wp-block-rea-paragraph-rea-paragraph-block rea-paragraph-block front\"><div class=\"rea-paragraph-block__content\"><p class=\"content-text\"> <br>Mai mul\u021bi factori pot afecta angajarea persoanelor cu schizofrenie \u0219i r\u0103spunsul la reabilitarea profesional\u0103<sup>12<\/sup>.<\/p><\/div><\/div>\n\n\n\n<div class=\"wp-block-rea-list-rea-list-block rea-list-block front\"><div class=\"rea-list-block__wrapper\"><div class=\"list-unordered list\"><p>Deficien\u021ba cognitiv\u0103: deficien\u021ba cognitiv\u0103 este adeseori prezent\u0103 \u00een schizofrenie \u0219i are o importan\u021b\u0103 nu doar clinic\u0103 ci \u0219i func\u021bional\u0103, evident\u0103 \u00eentr-o gam\u0103 larg\u0103 de domenii, cum ar fi aten\u021bia, memoria, func\u021bionarea executiv\u0103 \u0219i viteza de procesare a informa\u021biilor<sup>12<\/sup>. A fost recunoscut\u0103 ca fiind cel mai problematic factor \u00een ceea ce prive\u0219te munca, dificult\u0103\u021bile mari privind rela\u021biile interpersonale, dificult\u0103\u021bile privind deficien\u021bele func\u021bion\u0103rii executive sau cognitive, \u00een special procesarea \u0219i \u00eenv\u0103\u021barea unor sarcini noi<sup>13<\/sup>.<\/p><p>Bolile induse de consumul de substan\u021be: abuzul de substan\u021be \u0219i dependen\u021ba sunt prevalente \u00een schizofrenie \u0219i au fost asociate cu un curs agravat al bolii mintale severe, inclusiv cu mai multe recidive \u0219i intern\u0103ri, o func\u021bionalitate psihosocial\u0103 redus\u0103 \u0219i mai multe probleme legate de legisla\u021bie, s\u0103n\u0103tate \u0219i locuin\u021b\u0103<sup>14<\/sup>.<\/p><p>Boala fizic\u0103: persoanele cu schizofrenie sunt mai vulnerabile la bolile fizice, cum ar fi efectele metabolice ca eveniment advers al medicamentelor antipsihotice sau adoptarea unui stil de via\u021b\u0103 nes\u0103n\u0103tos, a\u0219a cum se reflect\u0103 \u00een comportamentele de tipul ratelor ridicate de fumat, inactivitate \u0219i regim alimentar inadecvat<sup>15<\/sup>.<\/p><\/div><\/div><\/div>\n\n\n\n<div class=\"wp-block-rea-paragraph-rea-paragraph-block rea-paragraph-block front\"><div class=\"rea-paragraph-block__content\"><p class=\"content-text\">Pentru cei care pot lucra exist\u0103 mai multe beneficii ale angaj\u0103rii, cum ar fi independen\u021ba financiar\u0103, contactul social \u0219i o stim\u0103 de sine \u00eembun\u0103t\u0103\u021bit\u0103<sup>16<\/sup>. Munca este una dintre principalele modalit\u0103\u021bi \u00een care oamenii pot interac\u021biona cu societatea \u00een care tr\u0103iesc \u0219i asigur\u0103 contactul social \u0219i posibilitatea de a lega noi prietenii. \u00cen plus, dac\u0103 li se ofer\u0103 responsabilit\u0103\u021bi legate de un loc de munc\u0103, pacien\u021bii se simt mai aprecia\u021bi \u0219i c\u0103 au un scop \u00een via\u021b\u0103. Persoanele care sufer\u0103 de psihoz\u0103 ob\u021bin un scor foarte slab \u00een studiile create pentru a le evalua scopul \u00een via\u021b\u0103, care \u00eei poate \u00eendrepta spre consumul abuziv de substan\u021be \u0219i\/sau tentative de suicid<sup>17<\/sup>.<br><br>Deoarece ratele de angajare \u00een r\u00e2ndul persoanelor cu schizofrenie sunt foarte mici, eforturile tind s\u0103 se concentreze pe cei care nu sunt angaja\u021bi ca s\u0103 \u00eenceap\u0103 s\u0103 munceasc\u0103 \u0219i nu pentru a-i sprijini pe cei care sunt deja implica\u021bi \u00een educa\u021bie sau muncesc<sup>7<\/sup>. Dac\u0103 se realizeaz\u0103 mai multe interven\u021bii la timp, ar trebui s\u0103 fie posibil ca tinerii cu schizofrenie care se afl\u0103 \u00eenc\u0103 la studii s\u0103 gestioneze trecerea spre domeniul muncii \u0219i ca cei care primesc un diagnostic \u00een timp ce se afl\u0103 \u00een acest loc de munc\u0103 s\u0103 aib\u0103 o \u0219ans\u0103 mai bun\u0103 s\u0103 \u00eel p\u0103streze<sup>5,18<\/sup>.<br><br>\u00cen plus, multe persoane cu schizofrenie sunt foarte motivate s\u0103 lucreze, dar a\u0219tept\u0103rile privind angajarea \u00een r\u00e2ndul persoanelor interesate variaz\u0103 semnificativ \u0219i mul\u021bi oameni au a\u0219tept\u0103ri reduse \u00een leg\u0103tur\u0103 cu c\u00e2t de bine s-ar putea adapta o persoan\u0103 cu schizofrenie la angajarea pe termen lung, competitiv\u0103, iar adesea nu este v\u0103zut\u0103 ca un rezultat fezabil. Stigmatizarea de c\u0103tre al\u021bii duce deseori la stigmatizarea de sine, care afecteaz\u0103 motiva\u021bia ini\u021bial\u0103<sup>6<\/sup>.<br><\/p><\/div><\/div>\n\n\n\n<div class=\"wp-block-rea-paragraph-rea-paragraph-block rea-paragraph-block front\"><div class=\"rea-paragraph-block__content\"><p class=\"content-text\">\u00cen ciuda obstacolelor importante privind angajarea cu care se confrunt\u0103 numeroase persoane cu diagnostic de schizofrenie, calea c\u0103tre angajare, recuperare \u0219i incluziune este clar\u0103. Solu\u021biile se afl\u0103 \u00een m\u00e2na numeroaselor persoane interesate \u0219i eforturile trebuie f\u0103cute de mai multe sectoare, cum ar fi:<\/p><\/div><\/div>\n\n\n\n<div class=\"wp-block-rea-list-rea-list-block rea-list-block front\"><div class=\"rea-list-block__wrapper\"><div class=\"list-unordered list\"><p>Angajatorii: trebuie s\u0103 se asigure c\u0103 sunt suficient de bine informa\u021bi \u0219i preg\u0103ti\u021bi pentru a r\u0103spunde dac\u0103 un angajat recunoa\u0219te c\u0103 are schizofrenie sau o alt\u0103 boal\u0103 legat\u0103 de s\u0103n\u0103tatea mintal\u0103. \u00cen plus, trebuie s\u0103 \u00eembun\u0103t\u0103\u021beasc\u0103 recunoa\u0219terea \u00een cultura organiza\u021biei \u0219i s\u0103 fac\u0103 mici modific\u0103ri pentru a r\u0103spunde nevoilor persoanelor cu schizofrenie.<\/p><p>Familia \u0219i \u00eengrijitorii: re\u021beaua de sprijin a unei persoane poate reprezenta un element vital pentru rezultatele ob\u021binute de persoanele cu afec\u021biuni psihiatrice cum este schizofrenia. Sarcina lor ar trebui s\u0103 fie s\u0103 sprijine aspira\u021biile \u0219i obiectivele pacien\u021bilor \u0219i s\u0103 ob\u021bin\u0103 accesul la servicii care ofer\u0103 asisten\u021b\u0103 persoanelor cu schizofrenie \u0219i familiilor acestora, cum ar fi cele organizate de organiza\u021biile de sprijinire a pacien\u021bilor, organiza\u021biile caritabile \u0219i autorit\u0103\u021bile de sprijinire a angaj\u0103rii.<\/p><p>Cadrele medicale: trebuie s\u0103 pun\u0103 \u00eentreb\u0103ri pacien\u021bilor \u00een leg\u0103tur\u0103 cu istoricul profesional \u0219i aspira\u021biile privind cariera c\u00e2t mai cur\u00e2nd posibil \u0219i s\u0103 ofere servicii de asisten\u021b\u0103. Angajarea trebuie avut\u0103 \u00een vedere atunci c\u00e2nd se iau decizii legate de tratament. Trebuie s\u0103 recomande speciali\u0219ti \u00een carier\u0103 pentru parcursul de revenire la un loc de munc\u0103 \u0219i s\u0103 intensifice interven\u021biile clinice. De asemenea, trebuie s\u0103 sprijine autogospod\u0103rirea \u0219i revenirea la serviciu, precum \u0219i furnizarea de oportunit\u0103\u021bi pentru responsabilizarea persoanelor cu afec\u021biuni psihiatrice, folosindu-\u0219i experien\u021ba pentru a-i ajuta pe al\u021bii.<\/p><p>Guvernul: factorii decizionali trebuie s\u0103 dezvolte un plan la nivel regional, na\u021bional sau mai larg pentru a cre\u0219te ratele de angajare a persoanelor cu probleme psihiatrice severe. Este esen\u021bial ca fiecare guvern na\u021bional s\u0103 stabileasc\u0103 o echip\u0103 de ac\u021biune format\u0103 din exper\u021bi multidisciplinari, at\u00e2t din Ministerul S\u0103n\u0103t\u0103\u021bii, c\u00e2t \u0219i din Ministerul Muncii \u0219i Protec\u021biei Sociale, al c\u0103rei scop s\u0103 fie cre\u0219terea ratelor de angajare cu 25% pe o perioad\u0103 de 10 ani<sup>19<\/sup>.<\/p><\/div><\/div><\/div>\n\n\n\n<div class=\"wp-block-rea-paragraph-rea-paragraph-block rea-paragraph-block front\"><div class=\"rea-paragraph-block__content\"><p class=\"content-text\">Per total, schizofrenia afecteaz\u0103 fiecare persoan\u0103 \u00een mod diferit. Factorii asocia\u021bi bolii, cum ar fi declan\u0219area \u0219i tipul de simptome, momentul diagnostic\u0103rii \u0219i comorbidit\u0103\u021bile, factorii sociali \u0219i re\u021belele de sprijin disponibile, toate difer\u0103 de la un caz la altul. Deoarece nicio persoan\u0103 cu schizofrenie nu seam\u0103n\u0103 cu alta, este dificil s\u0103 se dezvolte o strategie pentru serviciile de asisten\u021b\u0103 pentru angajare care s\u0103 func\u021bioneze pentru toat\u0103 lumea<sup>4<\/sup>.<br><br>Este necesar\u0103 o pia\u021b\u0103 incluziv\u0103 a for\u021bei de munc\u0103 populat\u0103 cu locuri de munc\u0103 favorabile incluziunii, sprijinit\u0103 de un sistem de asisten\u021b\u0103 medical\u0103 \u0219i asisten\u021b\u0103 social\u0103 care s\u0103 pun\u0103 pe primul loc activitatea de bun\u0103 calitate ca rezultat clinic.<\/p><\/div><\/div>\n\n\n\n<div class=\"wp-block-rea-references-rea-references-block rea-references-block front\"><div class=\"rea-references-block__references\"><p class=\"references-title\">Referinte<\/p><ol class=\"references-list\"><li>Boardman et al. Br J Psychiatry. 2003; 182:467-8.<\/li><li>Farkas. World Psychiatry.\u00a02007;6:4\u201310.<\/li><li>Cheng et al. Psychological Medicine.\u00a02011;41:949\u2013958.<\/li><li><a href=\"https:\/\/councilfordisabledchildren.org.uk\/sites\/default\/files\/uploads\/documents\/import\/working_with_schizophrenia.pdf\" rel=\"nofollow noopener\" target=\"_blank\">https:\/\/councilfordisabledchildren.org.uk\/sites\/default\/files\/uploads\/documents\/import\/working_with_schizophrenia.pdf<\/a><\/li><li>Mueser et al. Schizophr Bull.\u00a02001;27:281\u2013296.<\/li><li>Marwaha and Johnson. Soc Psychiatry Psychiatr Epidemiol. 2004; 39(5):337-49.<\/li><li>Rosenheck et al. Am J Psychiatry. 2006;163:411\u2013417.<\/li><li>Salkever et al. Psychiatr Serv. 2007;58:315\u2013324.<\/li><li>Holley et al. Psychiatr Serv.\u00a01998; 49:513\u2013517.<\/li><li>Bond et al. J Consult Clin Psychol. 2001;69:489\u2013501.<\/li><li>Bell et al. Schizophr Bull.\u00a01996;22:51\u201367.\u00a0<\/li><li>Mc Gurk et al. Schizophr Bull. 2009; 35(2): 319\u2013335.<\/li><li><a href=\"https:\/\/councilfordisabledchildren.org.uk\/sites\/default\/files\/uploads\/documents\/import\/working_with_schizophrenia.pdf\" rel=\"nofollow noopener\" target=\"_blank\">https:\/\/councilfordisabledchildren.org.uk\/sites\/default\/files\/uploads\/documents\/import\/working_with_schizophrenia.pdf<\/a><\/li><li>Drake and Brunette. Recent Dev Alcohol. 1998; 14():285-99.<\/li><li>Meyer et al. Schizophr Res. 2008 Apr; 101(1-3):273-86.<\/li><li>Pharoah et al. Cochrane Database Syst Rev. 2010; (12): CD000088.<\/li><li>Warner R,. The Env of Schizophr, 2000\u00a0; P71.<\/li><li>Schulze et al. Social Science &amp; Medicine. 2003;  56(2): 299-312.<\/li><li>Centre for Mental Health, Department of Health, Mind, NHS Confederation Mental Health Network, Rethink Mental Illness, &amp; Turning Point. 2012.<\/li><\/ol><\/div><\/div>\n\n\n\n\n<div class=\"wp-block-rea-title-rea-title-block rea-title-block front rea-share-block\" style=\"margin-bottom:30px;text-align:center;\">\n\t\t<div class=\"\">\n\t\t\t<span style=\"display:block;margin-bottom:10px;font-size:20px;\">Share<\/span>\n\t\t\t<a href=\"https:\/\/www.facebook.com\/sharer\/sharer.php?u=https:\/\/schizophrenialife.md\/public\/wp-json\/wp\/v2\/pages\/8959\" class=\"facebook-share\" target=\"_blank\"><\/a>\n\t\t\t<a href=\"https:\/\/www.linkedin.com\/shareArticle?mini=true&#038;url=https:\/\/schizophrenialife.md\/public\/wp-json\/wp\/v2\/pages\/8959\" class=\"linkedin-share\" target=\"_blank\"><\/a>\n\t\t<\/div>\n\t<\/div>","protected":false},"excerpt":{"rendered":"<p>Share<\/p>\n","protected":false},"author":6,"featured_media":2732,"parent":0,"menu_order":0,"comment_status":"closed","ping_status":"closed","template":"page-fullwidth.php","meta":{"rea_page_title_signed_in_meta_block_field":"La \u0219coal\u0103 \u0219i serviciu","rea_page_title_signed_out_meta_block_field":"La \u0219coal\u0103 \u0219i serviciu","rea_page_description_signed_in_meta_block_field":"Persoanele cu probleme de s\u0103n\u0103tate mintal\u0103 de lung\u0103 durat\u0103, inclusiv schizofrenie, se confrunt\u0103 cu obstacole \u00een activitatea profesional\u0103, din cauza stigmatiz\u0103rii, prejudec\u0103\u021bilor \u0219i discrimin\u0103rii. \u00cen ciuda","rea_page_description_signed_out_meta_block_field":"Persoanele cu probleme de s\u0103n\u0103tate mintal\u0103 de lung\u0103 durat\u0103, inclusiv schizofrenie, se confrunt\u0103 cu obstacole \u00een activitatea profesional\u0103, din cauza stigmatiz\u0103rii, prejudec\u0103\u021bilor \u0219i discrimin\u0103rii. \u00cen ciuda","rea_page_footer_id_meta_block_field":"","rea_page_footer_date_meta_block_field":"","rank_math_lock_modified_date":false,"footnotes":""},"class_list":["post-8959","page","type-page","status-publish","has-post-thumbnail","hentry"],"acf":[],"_links":{"self":[{"href":"https:\/\/schizophrenialife.md\/public\/wp-json\/wp\/v2\/pages\/8959","targetHints":{"allow":["GET"]}}],"collection":[{"href":"https:\/\/schizophrenialife.md\/public\/wp-json\/wp\/v2\/pages"}],"about":[{"href":"https:\/\/schizophrenialife.md\/public\/wp-json\/wp\/v2\/types\/page"}],"author":[{"embeddable":true,"href":"https:\/\/schizophrenialife.md\/public\/wp-json\/wp\/v2\/users\/6"}],"replies":[{"embeddable":true,"href":"https:\/\/schizophrenialife.md\/public\/wp-json\/wp\/v2\/comments?post=8959"}],"version-history":[{"count":10,"href":"https:\/\/schizophrenialife.md\/public\/wp-json\/wp\/v2\/pages\/8959\/revisions"}],"predecessor-version":[{"id":9421,"href":"https:\/\/schizophrenialife.md\/public\/wp-json\/wp\/v2\/pages\/8959\/revisions\/9421"}],"wp:featuredmedia":[{"embeddable":true,"href":"https:\/\/schizophrenialife.md\/public\/wp-json\/wp\/v2\/media\/2732"}],"wp:attachment":[{"href":"https:\/\/schizophrenialife.md\/public\/wp-json\/wp\/v2\/media?parent=8959"}],"curies":[{"name":"wp","href":"https:\/\/api.w.org\/{rel}","templated":true}]}}