{"id":8957,"date":"2023-12-15T08:47:44","date_gmt":"2023-12-15T07:47:44","guid":{"rendered":"https:\/\/schizophrenialife.md\/public\/?page_id=8957"},"modified":"2025-12-18T13:35:55","modified_gmt":"2025-12-18T12:35:55","slug":"cum-va-afecteaza-schizofrenia-viata","status":"publish","type":"page","link":"https:\/\/schizophrenialife.md\/public\/cum-va-afecteaza-schizofrenia-viata\/","title":{"rendered":"Cum v\u0103 afecteaz\u0103 schizofrenia via\u021ba?"},"content":{"rendered":"\n<div class=\"wp-block-rea-hero-banner-rea-hero-banner-block rea-hero-banner-block front  no-btn\"><div class=\"rea-hero-banner-block__image\" style=\"background-image: url(https:\/\/schizophrenialife.md\/public\/wp-content\/uploads\/2019\/03\/wooden.png)\"><img decoding=\"async\" class=\"hero-banner-background\" alt=\"\" src=\"https:\/\/schizophrenialife.md\/public\/wp-content\/uploads\/2019\/03\/wooden.png\"><\/div><div class=\"rea-hero-banner-block__content\"><div class=\"rea-hero-banner-block__content--wrapper\"><div class=\"text-wrapper\"><h1 class=\"hero-banner-title\">Cum v\u0103 afecteaz\u0103 schizofrenia via\u021ba?<\/h1><p class=\"hero-banner-text\">Acorda\u021bi timp celor dragi care se lupt\u0103 cu schizofrenia \u0219i concentra\u021bi-v\u0103 pe pa\u0219ii mici dar reali\u0219ti. Exprima\u021bi-v\u0103 \u0219i comunica\u021bi \u00eentr-o manier\u0103 simpl\u0103: formularea corect\u0103 a unui mesaj este foarte important\u0103.<\/p><a class=\"button__primary button-text\" href=\"\"><\/a><p class=\"hero-banner-signed-out-text js-hide-dc-signed-in\"><\/p><\/div><div class=\"image-wrapper\"><img decoding=\"async\" class=\"hero-banner-image js-rea-parallax\" alt=\"\" src=\"https:\/\/schizophrenialife.md\/public\/wp-content\/uploads\/2021\/11\/Woman-back-picture-shadow-kiss.jpg\"><\/div><\/div><\/div><\/div>\n\n\n\n<div class=\"wp-block-rea-paragraph-rea-paragraph-block rea-paragraph-block front\"><div class=\"rea-paragraph-block__content\"><p class=\"content-text\"><br><br>Fiecare persoan\u0103 cu schizofrenie o va percepe diferit. Prezen\u021ba \u0219i severitatea simptomelor poate varia; cu toate acestea, cel mai probabil vor afecta via\u021ba personal\u0103 a persoanelor cu schizofrenie, precum \u0219i a familiilor \u0219i prietenilor. Pentru persoanele cu schizofrenie nu este \u00eentotdeauna u\u0219or s\u0103 p\u0103streze rela\u021biile solide. Dac\u0103 o persoan\u0103 apropiat\u0103 are schizofrenie, ave\u021bi la dispozi\u021bie informa\u021bii din care s\u0103 \u00eenv\u0103\u021ba\u021bi cum pute\u021bi fi de ajutor. Nu uita\u021bi, sprijinul este foarte important pentru a ajuta o persoan\u0103 care se lupt\u0103 cu schizofrenia. Preg\u0103ti\u021bi-v\u0103 prin parcurgerea informa\u021biilor despre modul \u00een care schizofrenia poate afecta via\u021ba privat\u0103 a unei persoane.<br><br><\/p><\/div><\/div>\n\n\n\n<div class=\"wp-block-rea-list-rea-list-block rea-list-block front\"><div class=\"rea-list-block__wrapper\"><div class=\"list-ordered list\"><p><strong>Dificult\u0103\u021bi de func\u021bionare<\/strong><br>Persoanele cu schizofrenie se pot confrunta cu multe probleme \u00een a-\u0219i exprima emo\u021biile \u0219i \u00een a desf\u0103\u0219ura activit\u0103\u021bile de zi cu zi<sup>1<\/sup>. Este posibil ca toate expresiile faciale, vorbitul \u0219i gesturile expresive s\u0103 se reduc\u0103<sup>2<\/sup>. Anxietatea generat\u0103 de halucina\u021bii sau delir pot genera foarte multe probleme \u0219i pot afecta interac\u021biunile sociale<sup>2<\/sup>.  <br><br>Persoanele cu schizofrenie pot fi afectate \u0219i de sentimentele de ru\u0219ine sau vin\u0103, care pot afecta rela\u021biile chiar \u0219i cu cei mai apropia\u021bi prieteni sau cu familia. Dac\u0103 cineva apropiat are schizofrenie, nu uita\u021bi c\u0103 discu\u021biile sunt importante. O persoan\u0103 al c\u0103rei frate avea schizofrenie a explicat c\u0103 l-a ajutat s\u0103 se simt\u0103 mai relaxat discut\u00e2nd cu el calm, ca r\u0103spuns la grijile sale \u0219i discut\u00e2nd despre activit\u0103\u021bile zilnice normale<sup>3<\/sup>.<\/p><p><strong>Retragerea social\u0103<\/strong><br>Simptomele de schizofrenie pot p\u0103rea derutante sau frustrante pentru cei din jurul celor care le tr\u0103iesc. Aceasta \u00eenseamn\u0103 c\u0103 multe persoane cu schizofrenie devin retrase social. Din nefericire, exist\u0103 \u00eenc\u0103 un nivel ridicat de stigmatizare \u00een jurul diagnosticului \u0219i acest lucru poate afecta grav modul \u00een care persoanele cu schizofrenie se integreaz\u0103 \u00een situa\u021biile sociale. <br><br>Poate fi dificil s\u0103 vezi c\u0103 cineva apropiat are schizofrenie \u0219i uneori te po\u021bi sim\u021bi furios, critic \u0219i extrem de emotiv, sentimente cunoscute drept expresivitate emo\u021bional\u0103<sup>4<\/sup>. Re\u021bine\u021bi faptul c\u0103 persoanele cu schizofrenie sunt extrem de sensibile \u0219i con\u0219tiente de reperele sociale. Expresivitatea emo\u021bional\u0103 ridicat\u0103 poate duce la o nou\u0103 criz\u0103 psihotic\u0103 sau la internare<sup>5<\/sup>.<br><br>Cu toate acestea, socializarea este \u00een mod clar necesar\u0103. O persoan\u0103 cu schizofrenie a explicat c\u0103 ar trebui ca socializarea s\u0103 devin\u0103 parte a rutinei, chiar dac\u0103 \u00eenseamn\u0103 doar ie\u0219irea din cas\u0103 \u0219i mersul la o cafenea. Exist\u0103 resurse online pentru a ajuta oamenii cu schizofrenie s\u0103 ia leg\u0103tura cu al\u021bii cu care pot rela\u021biona<sup>6<\/sup>.   <\/p><p><strong>Lipsa motiva\u021biei<\/strong><br><a href=\"https:\/\/schizophrenialife.md\/public\/understanding-schizophrenia\/main-symptoms\/\">Simptomele <\/a>negative pot determina persoanele cu schizofrenie s\u0103 \u00ee\u0219i piard\u0103 interesul fa\u021b\u0103 de obiectivele personale, serviciu sau \u0219coal\u0103. V\u0103 pute\u021bi a\u0219tepta ca o persoan\u0103 cu schizofrenie s\u0103 aib\u0103 probleme dac\u0103 trebuie s\u0103 se concentreze asupra sarcinilor \u0219i s\u0103 \u00eei lipseasc\u0103 energia sau motiva\u021bia<sup>1<\/sup>. I se poate p\u0103rea dificil s\u0103 func\u021bioneze la un loc de munc\u0103 tradi\u021bional \u0219i poate deveni incapabil\u0103 s\u0103 lucreze, \u00een func\u021bie de c\u00e2t de grave sunt simptomele.<br>Dificultatea \u00een finalizarea sarcinilor poate determina persoanele cu schizofrenie s\u0103 aib\u0103 o stim\u0103 de sine redus\u0103 \u0219i s\u0103 se confrunte cu sentimentul de inadecvare. A\u0219adar, este foarte important s\u0103 v\u0103 concentra\u021bi pe aspectele pozitive. \u00cencerca\u021bi s\u0103 stabili\u021bi obiective mici, realiste, \u0219i s\u0103 g\u0103si\u021bi locuri de munc\u0103 sau abilit\u0103\u021bi care le pot gestiona \u0219i care s\u0103 fie pl\u0103cute.<br><br>O persoan\u0103 cu schizofrenie a descris cum a descoperit c\u0103 poate face fa\u021b\u0103 muncii liber profesioniste, deoarece termenele limit\u0103 o men\u021bineau concentrat\u0103, dar putea s\u0103 \u00ee\u0219i ia liber dac\u0103 nu se sim\u021bea bine<sup>6<\/sup>.<\/p><\/div><\/div><\/div>\n\n\n\n<div class=\"wp-block-rea-paragraph-rea-paragraph-block rea-paragraph-block front\"><div class=\"rea-paragraph-block__content\"><p class=\"content-text\">Dac\u0103 o persoan\u0103 apropiat\u0103 are schizofrenie sau dac\u0103 dvs. ave\u021bi schizofrenie, este important s\u0103 \u00eenv\u0103\u021ba\u021bi diferite lucruri. Nu uita\u021bi s\u0103 citi\u021bi resurse de \u00eencredere \u0219i s\u0103 separa\u021bi miturile de adev\u0103ruri. Afla\u021bi mai multe despre semnele \u0219i simptomele de schizofrenie pe care s\u0103 le c\u0103uta\u021bi \u0219i despre cum \u00eei pute\u021bi ajuta pe al\u021bii care lupt\u0103 cu schizofrenia.<\/p><\/div><\/div>\n\n\n\n<div class=\"wp-block-rea-references-rea-references-block rea-references-block front\"><div class=\"rea-references-block__references\"><p class=\"references-title\">Referinte<\/p><ol class=\"references-list\"><li>NHS, Symptoms, 2016. <a href=\"https:\/\/www.nhs.uk\/conditions\/schizophrenia\/symptoms\/\" rel=\"nofollow noopener\" target=\"_blank\">https:\/\/www.nhs.uk\/conditions\/schizophrenia\/symptoms\/<\/a> [Accessed Jul 2019]<\/li><li>NIMH, Schizophrenia, 2016. <a href=\"https:\/\/www.nimh.nih.gov\/health\/topics\/schizophrenia\/index.shtml\" rel=\"nofollow noopener\" target=\"_blank\">https:\/\/www.nimh.nih.gov\/health\/topics\/schizophrenia\/index.shtml<\/a> [Accessed Jul 2019]<\/li><li>Mind, Schizophrenia, my brother and me, 2017. <a href=\"https:\/\/www.mind.org.uk\/information-support\/your-stories\/schizophrenia-what-i-wish-someone-had-told-me\/#.XULLm-hKhzo\" rel=\"nofollow noopener\" target=\"_blank\">https:\/\/www.mind.org.uk\/information-support\/your-stories\/schizophrenia-what-i-wish-someone-had-told-me\/#.XULLm-hKhzo<\/a> [Accessed Aug 2019]<\/li><li>Amaresha A, Venkatasubramanian G. Indian J Psychol Med. 2012;34(1):12\u201320<\/li><li>Mantovani LM, Ferretjans R, Mar\u00e7al IM et al. Trends Psychiatry Psychother. 2016;38(2):97-9<\/li><li>Mind, Schizophrenia: What I wish someone had told me, 2017. <a href=\"https:\/\/www.mind.org.uk\/information-support\/your-stories\/schizophrenia-what-i-wish-someone-had-told-me\/#.XULLm-hKhzo\" rel=\"nofollow noopener\" target=\"_blank\">https:\/\/www.mind.org.uk\/information-support\/your-stories\/schizophrenia-what-i-wish-someone-had-told-me\/#.XULLm-hKhzo<\/a> [Accessed Aug 2019]<\/li><\/ol><\/div><\/div>\n\n\n\n\n<div class=\"wp-block-rea-title-rea-title-block rea-title-block front rea-share-block\" style=\"margin-bottom:30px;text-align:center;\">\n\t\t<div class=\"\">\n\t\t\t<span style=\"display:block;margin-bottom:10px;font-size:20px;\">Share<\/span>\n\t\t\t<a href=\"https:\/\/www.facebook.com\/sharer\/sharer.php?u=https:\/\/schizophrenialife.md\/public\/wp-json\/wp\/v2\/pages\/8957\" class=\"facebook-share\" target=\"_blank\"><\/a>\n\t\t\t<a href=\"https:\/\/www.linkedin.com\/shareArticle?mini=true&#038;url=https:\/\/schizophrenialife.md\/public\/wp-json\/wp\/v2\/pages\/8957\" class=\"linkedin-share\" target=\"_blank\"><\/a>\n\t\t<\/div>\n\t<\/div>","protected":false},"excerpt":{"rendered":"<p>Share<\/p>\n","protected":false},"author":6,"featured_media":1171,"parent":0,"menu_order":0,"comment_status":"closed","ping_status":"closed","template":"page-fullwidth.php","meta":{"rea_page_title_signed_in_meta_block_field":"Schizofrenia \u0219i via\u021ba privat\u0103","rea_page_title_signed_out_meta_block_field":"Schizofrenia \u0219i via\u021ba privat\u0103","rea_page_description_signed_in_meta_block_field":"Fiecare persoan\u0103 cu schizofrenie o va percepe diferit. Prezentarea \u0219i severitatea simptomelor poate varia; cu toate acestea, cel mai probabil vor afecta via\u021ba personal\u0103","rea_page_description_signed_out_meta_block_field":"Fiecare persoan\u0103 cu schizofrenie o va percepe diferit. Prezentarea \u0219i severitatea simptomelor poate varia; cu toate acestea, cel mai probabil vor afecta via\u021ba personal\u0103","rea_page_footer_id_meta_block_field":"","rea_page_footer_date_meta_block_field":"","rank_math_lock_modified_date":false,"footnotes":""},"class_list":["post-8957","page","type-page","status-publish","has-post-thumbnail","hentry"],"acf":[],"_links":{"self":[{"href":"https:\/\/schizophrenialife.md\/public\/wp-json\/wp\/v2\/pages\/8957","targetHints":{"allow":["GET"]}}],"collection":[{"href":"https:\/\/schizophrenialife.md\/public\/wp-json\/wp\/v2\/pages"}],"about":[{"href":"https:\/\/schizophrenialife.md\/public\/wp-json\/wp\/v2\/types\/page"}],"author":[{"embeddable":true,"href":"https:\/\/schizophrenialife.md\/public\/wp-json\/wp\/v2\/users\/6"}],"replies":[{"embeddable":true,"href":"https:\/\/schizophrenialife.md\/public\/wp-json\/wp\/v2\/comments?post=8957"}],"version-history":[{"count":9,"href":"https:\/\/schizophrenialife.md\/public\/wp-json\/wp\/v2\/pages\/8957\/revisions"}],"predecessor-version":[{"id":9422,"href":"https:\/\/schizophrenialife.md\/public\/wp-json\/wp\/v2\/pages\/8957\/revisions\/9422"}],"wp:featuredmedia":[{"embeddable":true,"href":"https:\/\/schizophrenialife.md\/public\/wp-json\/wp\/v2\/media\/1171"}],"wp:attachment":[{"href":"https:\/\/schizophrenialife.md\/public\/wp-json\/wp\/v2\/media?parent=8957"}],"curies":[{"name":"wp","href":"https:\/\/api.w.org\/{rel}","templated":true}]}}