{"id":8955,"date":"2023-12-15T08:43:11","date_gmt":"2023-12-15T07:43:11","guid":{"rendered":"https:\/\/schizophrenialife.md\/public\/?page_id=8955"},"modified":"2025-12-18T13:35:55","modified_gmt":"2025-12-18T12:35:55","slug":"mituri-si-adevaruri-despre-schizofrenie","status":"publish","type":"page","link":"https:\/\/schizophrenialife.md\/public\/mituri-si-adevaruri-despre-schizofrenie\/","title":{"rendered":"Mituri \u0219i adev\u0103ruri despre schizofrenie"},"content":{"rendered":"\n<div class=\"wp-block-rea-inpage-nav-rea-inpage-nav-block rea-inpage-nav-block front has-margin\"><div class=\"rea-inpage-nav-block__image\" style=\"background-image: url(https:\/\/schizophrenialife.md\/public\/wp-content\/uploads\/2019\/03\/wooden.png)\"><img decoding=\"async\" class=\"inpage-nav-background\" alt=\"\" src=\"https:\/\/schizophrenialife.md\/public\/wp-content\/uploads\/2019\/03\/wooden.png\"><\/div><div class=\"rea-inpage-nav-block__content\"><div class=\"rea-inpage-nav-block__content--wrapper\"><div class=\"text-wrapper\"><h2 class=\"inpage-nav-title\">Mituri \u0219i adev\u0103ruri despre schizofrenie<\/h2><ul class=\"inpage-nav-list\"><li>Poate ave\u021bi deja idei preconcepute privind schizofrenia, dar \u0219ti\u021bi s\u0103 deosebi\u021bi miturile de realitate?<\/li><li>Explora\u021bi miturile frecvente legate de schizofrenie \u0219i adev\u0103rurile din spatele acestora.<\/li><\/ul><\/div><div class=\"section-nav\"><h4 class=\"section-nav--title\">In this section<\/h4><div class=\"section-nav--nav-items js-inpage-nav-items\"><\/div><\/div><\/div><\/div><\/div>\n\n\n\n<div class=\"wp-block-rea-paragraph-rea-paragraph-block rea-paragraph-block front\"><div class=\"rea-paragraph-block__content\"><p class=\"content-text\"><\/p><\/div><\/div>\n\n\n\n<div class=\"wp-block-rea-title-rea-title-block rea-title-block front\"><div class=\"rea-title-block__content\"><h3 id=\"\" class=\"content-title rea-hidden\"><\/h3><h4 class=\"content-subtitle \">MIT: Schizofrenia este o boal\u0103 rar\u0103<\/h4><\/div><\/div>\n\n\n\n<div class=\"wp-block-rea-paragraph-rea-paragraph-block rea-paragraph-block front\"><div class=\"rea-paragraph-block__content\"><p class=\"content-text\"><strong>ADEV\u0102R: <\/strong>Schizofrenia afecteaz\u0103 aproximativ 1 din 100 de persoane pe parcursul vie\u021bii \u0219i nu este considerat\u0103 deloc rar\u0103<sup>1<\/sup>! De regul\u0103 debuteaz\u0103 la tineri cu v\u00e2rste \u00eentre 15 \u0219i 30 de ani<sup>2<\/sup>, dar poate afecta pe oricine &#8211; exist\u0103 \u0219anse s\u0103 cunoa\u0219te\u021bi pe cineva cu schizofrenie \u0219i s\u0103 nu \u0219ti\u021bi acest lucru.<\/p><\/div><\/div>\n\n\n\n<div class=\"wp-block-rea-cta-rea-cta-block rea-cta-block front\"><div class=\"rea-cta-block__content\"><h4 class=\"cta-title\"><\/h4><p class=\"cta-text\"><\/p><a class=\"button__primary button-text\" href=\"https:\/\/schizophrenialife.md\/public\/understanding-schizophrenia\/scurta-prezentare-generala-a-schizofreniei\/\">Afla\u021bi mai multe despre schizofrenie<\/a><\/div><\/div>\n\n\n\n<div class=\"wp-block-rea-title-rea-title-block rea-title-block front\"><div class=\"rea-title-block__content\"><h3 id=\"\" class=\"content-title rea-hidden\"><\/h3><h4 class=\"content-subtitle \">MIT: Schizofrenia este ereditar\u0103<\/h4><\/div><\/div>\n\n\n\n<div class=\"wp-block-rea-paragraph-rea-paragraph-block rea-paragraph-block front\"><div class=\"rea-paragraph-block__content\"><p class=\"content-text\"><strong>ADEV\u0102R: <\/strong>Exist\u0103 multe studii privind cauzele genetice ale schizofreniei \u0219i oamenii de \u0219tiin\u021b\u0103 sunt \u00een general de acord c\u0103 genele reprezint\u0103 doar o parte a r\u0103spunsului. Este adev\u0103rat c\u0103, de exemplu, studiile pe gemeni arat\u0103 c\u0103 anumite gene cresc riscul de dezvoltare a schizofreniei<sup>1<\/sup>. \u00cen special, gemenii identici au exact acelea\u0219i gene \u00een corp \u0219i studiile au ar\u0103tat c\u0103 dac\u0103 unul dintre gemenii identici are schizofrenie, \u0219i cel\u0103lalt geam\u0103n are 50% \u0219anse s\u0103 dezvolte schizofrenie<sup>1<\/sup>. Cu toate acestea, exist\u0103 multe persoane cu schizofrenie care nu au istoric familial al bolii \u0219i viceversa<sup>2<\/sup>. Pe de alt\u0103 parte, studiile au ar\u0103tat c\u0103 factorii biologici cum ar fi v\u00e2rsta tat\u0103lui \u0219i factorii de mediu cum ar fi evenimente personale stresante, pot avea un rol la fel de important \u00een dezvoltarea schizofreniei ca \u0219i genele<sup>3<\/sup>!<\/p><\/div><\/div>\n\n\n\n<div class=\"wp-block-rea-cta-rea-cta-block rea-cta-block front\"><div class=\"rea-cta-block__content\"><h4 class=\"cta-title\"><\/h4><p class=\"cta-text\"><\/p><a class=\"button__primary button-text\" href=\"https:\/\/schizophrenialife.md\/public\/understanding-schizophrenia\/scurta-prezentare-generala-a-schizofreniei\/\">Afla\u021bi mai multe despre schizofrenie<\/a><\/div><\/div>\n\n\n\n<div class=\"wp-block-rea-title-rea-title-block rea-title-block front\"><div class=\"rea-title-block__content\"><h3 id=\"\" class=\"content-title rea-hidden\"><\/h3><h4 class=\"content-subtitle \">MIT: Persoanele cu schizofrenie prezint\u0103 acelea\u0219i simptome<\/h4><\/div><\/div>\n\n\n\n<div class=\"wp-block-rea-paragraph-rea-paragraph-block rea-paragraph-block front\"><div class=\"rea-paragraph-block__content\"><p class=\"content-text\"><strong>ADEV\u0102R:<\/strong> Schizofrenia este o boal\u0103 complex\u0103 cu multe simptome diferite. Fiecare persoan\u0103 cu schizofrenie va avea o experien\u021b\u0103 unic\u0103 \u0219i combina\u021bia de simptome poate varia<sup>4<\/sup>. De asemenea, tiparul de schizofrenie poate varia \u00een timp, astfel \u00eenc\u00e2t lucrurile cu care se poate confrunta o persoan\u0103 cu schizofrenie \u00een orice moment pot fi complet diferite pentru o alt\u0103 persoan\u0103 care, de exemplu, sufer\u0103 de aceast\u0103 boal\u0103 de mai mult timp. Re\u021bine\u021bi c\u0103 nu toate persoanele cu schizofrenie se vor confrunta cu acelea\u0219i simptome, a\u0219adar dac\u0103 v\u0103 g\u00e2ndi\u021bi c\u0103 ave\u021bi sau cunoa\u0219te\u021bi pe cineva cu o anumit\u0103 combina\u021bie de simptome care pot fi asociate schizofreniei, solicita\u021bi ajutorul unui profesionist.<\/p><\/div><\/div>\n\n\n\n<div class=\"wp-block-rea-cta-rea-cta-block rea-cta-block front\"><div class=\"rea-cta-block__content\"><h4 class=\"cta-title\"><\/h4><p class=\"cta-text\"><\/p><a class=\"button__primary button-text\" href=\"https:\/\/schizophrenialife.md\/public\/understanding-schizophrenia\/simptome\/\">Simptomele schizofreniei<\/a><\/div><\/div>\n\n\n\n<div class=\"wp-block-rea-title-rea-title-block rea-title-block front\"><div class=\"rea-title-block__content\"><h3 id=\"\" class=\"content-title rea-hidden\"><\/h3><h4 class=\"content-subtitle \">MIT: Schizofrenia este acela\u0219i lucru cu o \u201epersonalitate divizat\u0103\u201d<\/h4><\/div><\/div>\n\n\n\n<div class=\"wp-block-rea-paragraph-rea-paragraph-block rea-paragraph-block front\"><div class=\"rea-paragraph-block__content\"><p class=\"content-text\"><strong>ADEV\u0102R: <\/strong>Literal, traducerea din limba greac\u0103 a termenului schizofrenie \u00eenseamn\u0103 \u201eminte divizat\u0103\u201d, dar nu aceasta a fost utilizarea preconizat\u0103, indiferent de ce sugereaz\u0103 filmele \u0219i cultura pop! \u00cen schimb, se refer\u0103 la simptomele specifice de halucina\u021bii \u00een care persoanele cu schizofrenie se pot confrunta cu o \u201escindare\u201d fa\u021b\u0103 de realitate. De fapt, persoanele cu \u201epersonalitate divizat\u0103\u201d au un diagnostic complet diferit, denumit tulburare de identitate disociativ\u0103, confundat\u0103 adeseori cu schizofrenia<sup>5<\/sup>. Informa\u021bi-v\u0103 \u0219i afla\u021bi care sunt diferen\u021bele!<\/p><\/div><\/div>\n\n\n\n<div class=\"wp-block-rea-cta-rea-cta-block rea-cta-block front\"><div class=\"rea-cta-block__content\"><h4 class=\"cta-title\"><\/h4><p class=\"cta-text\"><\/p><a class=\"button__primary button-text\" href=\"https:\/\/schizophrenialife.md\/public\/cum-se-dezvolta-schizofrenia\/\">Evolu\u021bia clinic\u0103 a schizofreniei<\/a><\/div><\/div>\n\n\n\n<div class=\"wp-block-rea-title-rea-title-block rea-title-block front\"><div class=\"rea-title-block__content\"><h3 id=\"\" class=\"content-title rea-hidden\"><\/h3><h4 class=\"content-subtitle \">MIT: Persoanele cu schizofrenie se confrunt\u0103 de regul\u0103 cu halucina\u021bii ca \u00een filme!<\/h4><\/div><\/div>\n\n\n\n<div class=\"wp-block-rea-paragraph-rea-paragraph-block rea-paragraph-block front\"><div class=\"rea-paragraph-block__content\"><p class=\"content-text\"><strong>ADEV\u0102R: <\/strong>Filmele prezint\u0103 \u00eentotdeauna comportamente nebune\u0219ti care sunt, desigur, mult mai dramatice \u0219i care atrag aten\u021bia. Dar acesta este un stereotip. Halucina\u021biile sunt considerate simptome pozitive de schizofrenie; cu toate acestea, persoanele cu schizofrenie prezint\u0103 \u0219i simptome negative care se refer\u0103 la pierderea func\u0163ionalit\u0103\u0163ilor de zi cu zi. Simptomele negative sunt mult mai frecvente, dar sunt \u00een mod clar mult mai pu\u021bin dramatice dec\u00e2t v\u0103 fac s\u0103 crede\u021bi anumite stereotipuri promovate de mass-media. De fapt, un studiu a raportat c\u0103 aproape 70% dintre personajele cu schizofrenie din 41 de filme distribuite \u00eentre 1990 \u0219i 2010 au prezentat delir bizar<sup>6<\/sup>. Aceasta este o reprezentare gre\u0219it\u0103 privind distribuirea simptomelor \u0219i un stereotip care alimenteaz\u0103 dezinformarea \u0219i atitudinea negativ\u0103 fa\u021b\u0103 de schizofrenie. Informa\u021bi-v\u0103 pentru a evita capcanele!<\/p><\/div><\/div>\n\n\n\n<div class=\"wp-block-rea-cta-rea-cta-block rea-cta-block front\"><div class=\"rea-cta-block__content\"><h4 class=\"cta-title\"><\/h4><p class=\"cta-text\"><\/p><a class=\"button__primary button-text\" href=\"https:\/\/schizophrenialife.md\/public\/understanding-schizophrenia\/simptome\/\">Simptomele de schizofrenie<\/a><\/div><\/div>\n\n\n\n<div class=\"wp-block-rea-title-rea-title-block rea-title-block front\"><div class=\"rea-title-block__content\"><h3 id=\"\" class=\"content-title rea-hidden\"><\/h3><h4 class=\"content-subtitle \">MIT: Persoanele cu schizofrenie pot fi periculoase \u0219i trebuie institu\u021bionalizate<\/h4><\/div><\/div>\n\n\n\n<div class=\"wp-block-rea-paragraph-rea-paragraph-block rea-paragraph-block front\"><div class=\"rea-paragraph-block__content\"><p class=\"content-text\"><strong>ADEV\u0102R: <\/strong>Poate fi adev\u0103rat c\u0103 unele persoane cu schizofrenie prezint\u0103 comportamente violente, dar aceste comportamente violente sunt mai frecvente la persoanele care consum\u0103 substan\u021be ilegale<sup>7<\/sup>. Cu toate acestea, comportamentele violente \u0219i alte simptome de schizofrenie sunt de regul\u0103 bine gestionate cu tratamentul corect \u0219i re\u021belele de sprijinire a pacientului. Aceasta \u00eenseamn\u0103 c\u0103 de regul\u0103 nu este necesar\u0103 institu\u021bionalizarea \u0219i persoanele cu schizofrenie se pot integra adeseori f\u0103r\u0103 probleme \u00een societate.<\/p><\/div><\/div>\n\n\n\n<div class=\"wp-block-rea-cta-rea-cta-block rea-cta-block front\"><div class=\"rea-cta-block__content\"><h4 class=\"cta-title\"><\/h4><p class=\"cta-text\"><\/p><a class=\"button__primary button-text\" href=\"https:\/\/schizophrenialife.md\/public\/diagnosis-treatment\/diagnosticarea-schizofreniei\/\">Diagnosticarea schizofreniei<\/a><\/div><\/div>\n\n\n\n<div class=\"wp-block-rea-title-rea-title-block rea-title-block front\"><div class=\"rea-title-block__content\"><h3 id=\"\" class=\"content-title rea-hidden\"><\/h3><h4 class=\"content-subtitle \">MIT: Medicamentele pentru schizofrenie nu func\u021bioneaz\u0103 bine<\/h4><\/div><\/div>\n\n\n\n<div class=\"wp-block-rea-paragraph-rea-paragraph-block rea-paragraph-block front\"><div class=\"rea-paragraph-block__content\"><p class=\"content-text\"><strong>ADEV\u0102R: <\/strong>Majoritatea persoanelor cu schizofrenie iau medicamente antipsihotice pentru a li se ameliora simptomele \u0219i pot beneficia \u0219i de tratament psihologic sau diferite terapii<sup>8<\/sup>. Aceast\u0103 combina\u021bie este mai eficient\u0103 dec\u00e2t c\u00e2nd se utilizeaz\u0103 doar o form\u0103 de terapie, dar \u0219i tratamentul continuu este la fel de important<sup>8<\/sup>. De\u0219i schizofrenia este considerat\u0103 o boal\u0103 mintal\u0103 cronic\u0103 cu simptome extrem de variabile, asisten\u021ba medical\u0103 precoce corect\u0103 \u0219i \u00eengrijirea pot ajuta majoritatea persoanelor cu schizofrenie s\u0103 duc\u0103 vie\u021bi \u00eendelungate, stabile \u0219i \u00eemplinite.<\/p><\/div><\/div>\n\n\n\n<div class=\"wp-block-rea-cta-rea-cta-block rea-cta-block front\"><div class=\"rea-cta-block__content\"><h4 class=\"cta-title\"><\/h4><p class=\"cta-text\"><\/p><a class=\"button__primary button-text\" href=\"https:\/\/schizophrenialife.md\/public\/advice-and-support\/cum-pot-ajuta-pe-cineva-care-are-schizofrenie\/\">Cum pot s\u0103 ajut?<\/a><\/div><\/div>\n\n\n\n<div class=\"wp-block-rea-references-rea-references-block rea-references-block front\"><div class=\"rea-references-block__references\"><p class=\"references-title\">Referinte<\/p><ol class=\"references-list\"><li>Royal College of Psychiatrists, Schizophrenia, 2019. <a href=\"https:\/\/www.rcpsych.ac.uk\/mental-health\/problems-disorders\/schizophrenia\" rel=\"nofollow noopener\" target=\"_blank\">https:\/\/www.rcpsych.ac.uk\/mental-health\/problems-disorders\/schizophrenia<\/a> [Accessed July 2019]<\/li><li>National Institute of Mental Health, Schizophrenia, 2019. <a href=\"https:\/\/www.nimh.nih.gov\/health\/topics\/schizophrenia\/index.shtml\" rel=\"nofollow noopener\" target=\"_blank\">https:\/\/www.nimh.nih.gov\/health\/topics\/schizophrenia\/index.shtml<\/a> [Accessed July 2019]<\/li><li>Brown AS. The environment and susceptibility to schizophrenia. Prog Neurobiol. 2011;93(1):23-58.<\/li><li>Mind, Schizophrenia, 2017. <a href=\"https:\/\/www.mind.org.uk\/information-support\/types-of-mental-health-problems\/schizophrenia\/#.XTgrjOhKhhE\" rel=\"nofollow noopener\" target=\"_blank\">https:\/\/www.mind.org.uk\/information-support\/types-of-mental-health-problems\/schizophrenia\/#.XTgrjOhKhhE<\/a> [Accessed July 2019]<\/li><li>Canadian Mental Health Association, What\u2019s the difference between dissociative identity disorder (multiple personality disorder) and schizophrenia? 2015. <a href=\"https:\/\/www.heretohelp.bc.ca\/q-and-a\/whats-the-difference-between-dissociative-identity-disorder-and-schizophrenia\" rel=\"nofollow noopener\" target=\"_blank\">https:\/\/www.heretohelp.bc.ca\/q-and-a\/whats-the-difference-between-dissociative-identity-disorder-and-schizophrenia<\/a> [Accessed July 2019]<\/li><li>Owen PR. Portrayals of schizophrenia by entertainment media: a content analysis of contemporary movies. Psychiatr Serv. 2012;63(7):655-9<\/li><li>Walsh E, Buchanan A, Fahy T. Violence and schizophrenia: examining the evidence. Br J Psychiatry. 2002;180:490-5<\/li><li>NICE, Psychosis and schizophrenia in adults: prevention and management, Clinical Guidance CG178, 2014. <a href=\"https:\/\/www.nice.org.uk\/guidance\/cg178\/chapter\/1-Recommendations#first-episode-psychosis-2\" rel=\"nofollow noopener\" target=\"_blank\">https:\/\/www.nice.org.uk\/guidance\/cg178\/chapter\/1-Recommendations#first-episode-psychosis-2<\/a> [Accessed July 2019]<\/li><\/ol><\/div><\/div>\n\n\n\n\n<div class=\"wp-block-rea-title-rea-title-block rea-title-block front rea-share-block\" style=\"margin-bottom:30px;text-align:center;\">\n\t\t<div class=\"\">\n\t\t\t<span style=\"display:block;margin-bottom:10px;font-size:20px;\">Share<\/span>\n\t\t\t<a href=\"https:\/\/www.facebook.com\/sharer\/sharer.php?u=https:\/\/schizophrenialife.md\/public\/wp-json\/wp\/v2\/pages\/8955\" class=\"facebook-share\" target=\"_blank\"><\/a>\n\t\t\t<a href=\"https:\/\/www.linkedin.com\/shareArticle?mini=true&#038;url=https:\/\/schizophrenialife.md\/public\/wp-json\/wp\/v2\/pages\/8955\" class=\"linkedin-share\" target=\"_blank\"><\/a>\n\t\t<\/div>\n\t<\/div>","protected":false},"excerpt":{"rendered":"<p>Share<\/p>\n","protected":false},"author":6,"featured_media":2379,"parent":0,"menu_order":0,"comment_status":"closed","ping_status":"closed","template":"page-fullwidth.php","meta":{"rea_page_title_signed_in_meta_block_field":"Schizofrenia - mituri \u0219i adev\u0103ruri","rea_page_title_signed_out_meta_block_field":"Schizofrenia - mituri \u0219i adev\u0103ruri","rea_page_description_signed_in_meta_block_field":"Poate ave\u021bi deja idei preconcepute privind schizofrenia, dar \u0219ti\u021bi s\u0103 deosebi\u021bi miturile de realitate? Explora\u021bi miturile frecvente legate de schizofrenie \u0219i adev\u0103rurile","rea_page_description_signed_out_meta_block_field":"Poate ave\u021bi deja idei preconcepute privind schizofrenia, dar \u0219ti\u021bi s\u0103 deosebi\u021bi miturile de realitate? Explora\u021bi miturile frecvente legate de schizofrenie \u0219i adev\u0103rurile","rea_page_footer_id_meta_block_field":"","rea_page_footer_date_meta_block_field":"","rank_math_lock_modified_date":false,"footnotes":""},"class_list":["post-8955","page","type-page","status-publish","has-post-thumbnail","hentry"],"acf":[],"_links":{"self":[{"href":"https:\/\/schizophrenialife.md\/public\/wp-json\/wp\/v2\/pages\/8955","targetHints":{"allow":["GET"]}}],"collection":[{"href":"https:\/\/schizophrenialife.md\/public\/wp-json\/wp\/v2\/pages"}],"about":[{"href":"https:\/\/schizophrenialife.md\/public\/wp-json\/wp\/v2\/types\/page"}],"author":[{"embeddable":true,"href":"https:\/\/schizophrenialife.md\/public\/wp-json\/wp\/v2\/users\/6"}],"replies":[{"embeddable":true,"href":"https:\/\/schizophrenialife.md\/public\/wp-json\/wp\/v2\/comments?post=8955"}],"version-history":[{"count":11,"href":"https:\/\/schizophrenialife.md\/public\/wp-json\/wp\/v2\/pages\/8955\/revisions"}],"predecessor-version":[{"id":9423,"href":"https:\/\/schizophrenialife.md\/public\/wp-json\/wp\/v2\/pages\/8955\/revisions\/9423"}],"wp:featuredmedia":[{"embeddable":true,"href":"https:\/\/schizophrenialife.md\/public\/wp-json\/wp\/v2\/media\/2379"}],"wp:attachment":[{"href":"https:\/\/schizophrenialife.md\/public\/wp-json\/wp\/v2\/media?parent=8955"}],"curies":[{"name":"wp","href":"https:\/\/api.w.org\/{rel}","templated":true}]}}