{"id":8953,"date":"2023-12-15T08:39:40","date_gmt":"2023-12-15T07:39:40","guid":{"rendered":"https:\/\/schizophrenialife.md\/public\/?page_id=8953"},"modified":"2025-12-18T13:35:55","modified_gmt":"2025-12-18T12:35:55","slug":"tratament-si-remisie","status":"publish","type":"page","link":"https:\/\/schizophrenialife.md\/public\/tratament-si-remisie\/","title":{"rendered":"Tratament \u0219i remisie"},"content":{"rendered":"\n<div class=\"wp-block-rea-hero-banner-rea-hero-banner-block rea-hero-banner-block front has-margin no-btn\"><div class=\"rea-hero-banner-block__image\" style=\"background-image: url(https:\/\/schizophrenialife.md\/public\/wp-content\/uploads\/2019\/03\/wooden.png)\"><img decoding=\"async\" class=\"hero-banner-background\" alt=\"\" src=\"https:\/\/schizophrenialife.md\/public\/wp-content\/uploads\/2019\/03\/wooden.png\"><\/div><div class=\"rea-hero-banner-block__content\"><div class=\"rea-hero-banner-block__content--wrapper\"><div class=\"text-wrapper\"><h1 class=\"hero-banner-title\">Tratament \u0219i remisie<\/h1><p class=\"hero-banner-text\">Exist\u0103 mai multe abord\u0103ri de tratament disponibile \u0219i toate \u00eencep cu un consult medical adecvat. Respectarea schemei de tratament este esen\u021bial\u0103!<\/p><a class=\"button__primary button-text\" href=\"\"><\/a><p class=\"hero-banner-signed-out-text js-hide-dc-signed-in\"><\/p><\/div><div class=\"image-wrapper\"><img decoding=\"async\" class=\"hero-banner-image js-rea-parallax\" alt=\"\" src=\"https:\/\/schizophrenialife.md\/public\/wp-content\/uploads\/2021\/11\/Woman-sunglass-man-in-blue.jpg\"><\/div><\/div><\/div><\/div>\n\n\n\n<div class=\"wp-block-rea-title-rea-title-block rea-title-block front\"><div class=\"rea-title-block__content\"><h3 id=\"tratament\" class=\"content-title \">Tratament<\/h3><h4 class=\"content-subtitle rea-hidden\"><\/h4><\/div><\/div>\n\n\n\n<div class=\"wp-block-rea-paragraph-rea-paragraph-block rea-paragraph-block front\"><div class=\"rea-paragraph-block__content\"><p class=\"content-text\">Dup\u0103 un <a href=\"https:\/\/schizophrenialife.md\/public\/diagnosis-treatment\/diagnosticarea-schizofreniei\/\">diagnostic<\/a> de schizofrenie, medicul va discuta cu persoana diagnosticat\u0103 pentru a \u00eencepe un plan de tratament. Dup\u0103 ce \u00eencepe tratamentul, exist\u0103 dou\u0103 obiective principale care implic\u0103 colaborarea cu medicul: reducerea frecven\u021bei \u0219i severit\u0103\u021bii episoadelor psihotice acute \u0219i \u00eembun\u0103t\u0103\u021birea calit\u0103\u021bii vie\u021bii<sup>1<\/sup>.<br><br>Ghidurile privind tratamentul, cum ar fi cele ale NICE, \u00eencurajeaz\u0103 interven\u021bia timpurie, ori de c\u00e2te ori se observ\u0103 primele simptome, deoarece astfel se poate reduce riscul de dezvoltare a psihozei<sup>2<\/sup>.<br><br>Medicul va discuta op\u021biunile cu persoana cu schizofrenie, pentru a alege cel mai bun tip de medica\u021bie pentru a corespunde nevoilor sale. \u00cen final, alegerea se va face \u00een func\u021bie de istoricul medical, de faza tratamentului \u0219i efectele secundare care pot fi preconizate cu tratament farmacologic<sup>2<\/sup>.<br><br>Cu toate acestea, tratamentul primit de persoanele cu schizofrenie nu este limitat la o abordare farmacologic\u0103. S-a creat un sistem denumit \u201etratament multi-modal\u201d. Aceasta \u00eenseamn\u0103 c\u0103 cel mai probabil tratamentul va acoperi, \u00een plus fa\u021b\u0103 de medica\u021bia antipsihotic\u0103, urm\u0103toarele<sup>1<\/sup>:<\/p><\/div><\/div>\n\n\n\n<div class=\"wp-block-rea-list-rea-list-block rea-list-block front\"><div class=\"rea-list-block__wrapper\"><div class=\"list-unordered list\"><p>Psihoterapia<\/p><p>Instruirea \u00een ceea ce prive\u0219te abilit\u0103\u021bile sociale<\/p><p>Educarea personal\u0103 <\/p><p>Interven\u021bia familiei, instruire<\/p><\/div><\/div><\/div>\n\n\n\n<div class=\"wp-block-rea-paragraph-rea-paragraph-block rea-paragraph-block front\"><div class=\"rea-paragraph-block__content\"><p class=\"content-text\">Tratamentul schizofreniei depinde de persoana tratat\u0103, dar de regul\u0103 este o combina\u021bie \u00eentre terapie \u0219i medica\u021bie. De\u0219i nu exist\u0103 \u00een prezent un remediu pentru schizofrenie, numeroase simptome se pot ameliora cu tratament \u0219i unele persoane pot vedea c\u0103 simptomele lor dispar complet.<br>Dac\u0103 ave\u021bi schizofrenie pute\u021bi fi trata\u021bi cu:<\/p><\/div><\/div>\n\n\n\n<div class=\"wp-block-rea-title-rea-title-block rea-title-block front\"><div class=\"rea-title-block__content\"><h3 id=\"\" class=\"content-title rea-hidden\"><\/h3><h4 class=\"content-subtitle \"><strong>Terapie comportamental\u0103 cognitiv\u0103 (CBT)<\/strong><\/h4><\/div><\/div>\n\n\n\n<div class=\"wp-block-rea-paragraph-rea-paragraph-block rea-paragraph-block front\"><div class=\"rea-paragraph-block__content\"><p class=\"content-text\">CBT este un tip de terapie care v\u0103 poate ajuta s\u0103 v\u0103 recupera\u021bi \u00een urma <a href=\"https:\/\/schizophrenialife.md\/public\/understanding-schizophrenia\/simptome\/\">simptomelor<\/a> pozitive \u0219i negative continue de schizofrenie. V\u0103 ajut\u0103 s\u0103 identifica\u021bi tiparele de g\u00e2ndire care v\u0103 pot determina s\u0103 v\u0103 confrunta\u021bi cu sentimente sau comportamente nedorite \u0219i s\u0103 le \u00eenlocui\u021bi cu g\u00e2nduri mai realiste<sup>12<\/sup>.<br>Este posibil s\u0103 ave\u021bi nevoie de 8\u00a0\u2013\u00a020 de sesiuni de CBT pe o perioad\u0103 de 6\u00a0\u2013\u00a012 luni, dar aceste cifre pot varia. De regul\u0103, fiecare sesiune dureaz\u0103 aproximativ jum\u0103tate de or\u0103<sup>12<\/sup>.<\/p><\/div><\/div>\n\n\n\n<div class=\"wp-block-rea-title-rea-title-block rea-title-block front\"><div class=\"rea-title-block__content\"><h3 id=\"\" class=\"content-title rea-hidden\"><\/h3><h4 class=\"content-subtitle \">Terapia prin art\u0103<\/h4><\/div><\/div>\n\n\n\n<div class=\"wp-block-rea-paragraph-rea-paragraph-block rea-paragraph-block front\"><div class=\"rea-paragraph-block__content\"><p class=\"content-text\">Terapia prin art\u0103 v\u0103 poate ajuta s\u0103 v\u0103 exprima\u021bi experien\u021ba legat\u0103 de schizofrenie. Uneori, simptomele negative de schizofrenie \u00eenseamn\u0103 c\u0103 v\u0103 poate fi dificil s\u0103 rela\u021biona\u021bi cu al\u021bii<sup>13<\/sup>. Terapia prin art\u0103 poate reprezenta o modalitate bun\u0103 de a v\u0103 exprima sentimentele \u0219i v\u0103 poate chiar ajuta s\u0103 dob\u00e2ndi\u021bi o nou\u0103 perspectiv\u0103 asupra schizofreniei<sup>12<\/sup>.<br><\/p><\/div><\/div>\n\n\n\n<div class=\"wp-block-rea-title-rea-title-block rea-title-block front\"><div class=\"rea-title-block__content\"><h3 id=\"\" class=\"content-title rea-hidden\"><\/h3><h4 class=\"content-subtitle \"><strong>Terapia \u00een familie<\/strong><\/h4><\/div><\/div>\n\n\n\n<div class=\"wp-block-rea-paragraph-rea-paragraph-block rea-paragraph-block front\"><div class=\"rea-paragraph-block__content\"><p class=\"content-text\">Familia poate juca un rol important \u00een a v\u0103 ajuta s\u0103 gestiona\u021bi schizofrenia. Cu toate acestea, uneori poate fi dificil pentru membrii familiei. Terapia \u00een familie v\u0103 poate ajuta, pe dvs. \u0219i familia dvs., s\u0103 \u00een\u021belege\u021bi \u0219i s\u0103 face\u021bi mai bine fa\u021b\u0103 dificult\u0103\u021bilor. Implic\u0103 discu\u021bii cu un expert privind modalit\u0103\u021bile de a oferi ajutor \u0219i sfaturi practice pentru a \u00eenv\u0103\u021ba cum s\u0103 face\u021bi fa\u021b\u0103 oric\u0103ror probleme. Terapia \u00een familie poate fi extrem de util\u0103 dac\u0103 v-a\u021bi confruntat recent cu un episod acut<sup>12,13<\/sup>.<\/p><\/div><\/div>\n\n\n\n<div class=\"wp-block-rea-title-rea-title-block rea-title-block front\"><div class=\"rea-title-block__content\"><h3 id=\"\" class=\"content-title rea-hidden\"><\/h3><h4 class=\"content-subtitle \"><strong>Medica\u021bia<\/strong><\/h4><\/div><\/div>\n\n\n\n<div class=\"wp-block-rea-paragraph-rea-paragraph-block rea-paragraph-block front\"><div class=\"rea-paragraph-block__content\"><p class=\"content-text\">Medicul dvs. v\u0103 poate prescrie medicamente antipsihotice pentru simptomele dvs. de schizofrenie. Tipul de medicament depinde de simptomele dvs. \u0219i vi se va recomanda doar dup\u0103 ce sunte\u021bi examina\u021bi de medic. Aceste medicamente pot fi comprimate orale sau pot fi administrate sub form\u0103 de injec\u021bie<sup>12<\/sup>. \u00cen general, medica\u021bia antipsihotic\u0103 se poate clasifica drept de prim\u0103 genera\u021bie sau de a doua genera\u021bie. Discuta\u021bi cu medicul pentru mai multe informa\u021bii privind diferen\u021bele dintre aceste dou\u0103 grupe de medicamente.<br><br>Perioada de timp c\u00e2t vi se poate cere s\u0103 lua\u021bi medicamentul poate varia. De\u0219i se pot preconiza anumite reac\u021bii adverse, dac\u0103 devin severe trebuie s\u0103 \u00eei comunica\u021bi medicului. Pot exista medicamente alternative sau suplimentare care v\u0103 pot ajuta<sup>12<\/sup>.<br><br>Este important s\u0103 nu \u00eentrerupe\u021bi administrarea oric\u0103rui medicament antipsihotic f\u0103r\u0103 s\u0103 v\u0103 consulta\u021bi mai \u00eent\u00e2i cu medicul dvs. Dac\u0103 \u00eentrerupe\u021bi medicamentele, este posibil ca simptomele s\u0103 vi se agraveze.<\/p><\/div><\/div>\n\n\n\n<div class=\"wp-block-rea-separator-rea-separator-block rea-separator-block front\"><div class=\"rea-separator-block__content\"><hr class=\"rea-separator-block__separator\"><\/div><\/div>\n\n\n\n<div class=\"wp-block-rea-title-rea-title-block rea-title-block front\"><div class=\"rea-title-block__content\"><h3 id=\"strongce-nseamn-respectarea-schemei-de-tratament-medicamentos-i-de-ce-este-importantstrong\" class=\"content-title \"><strong>Ce \u00eenseamn\u0103 respectarea schemei de tratament medicamentos \u0219i de ce este important\u0103?<\/strong><\/h3><h4 class=\"content-subtitle rea-hidden\"><\/h4><\/div><\/div>\n\n\n\n<div class=\"wp-block-rea-paragraph-rea-paragraph-block rea-paragraph-block front\"><div class=\"rea-paragraph-block__content\"><p class=\"content-text\">Aderen\u021ba la tratamentul medicamentos \u00eenseamn\u0103 c\u0103 persoana cu schizofrenie respect\u0103 administrarea medicamentelor exact a\u0219a cum i s-au prescris de c\u0103tre medicul s\u0103u<sup>3<\/sup>. Poate fi dificil pentru foarte multe persoane cu schizofrenie &#8211; \u00een special, respectarea schemei de tratament raportat\u0103 este de aproximativ 50%, ceea ce \u00eenseamn\u0103 c\u0103 nu reu\u0219esc s\u0103 \u00ee\u0219i ia jum\u0103tate din medicamente conform schemei<sup>3\u20135<\/sup>.<br><br>Persoanele cu schizofrenie pot considera c\u0103 num\u0103rul medicamentelor \u0219i frecven\u021ba administr\u0103rilor sunt prea greu de \u021binut minte sau c\u0103 un medicamente poate avea anumite reac\u021bii adverse care sunt prea inconfortabile, ceea ce duce la \u00eentreruperea medica\u021biei<sup>6\u20139<\/sup>. Le poate fi greu s\u0103 men\u021bin\u0103 consecven\u021ba tratamentului c\u00e2nd consider\u0103 c\u0103 nu le mai este necesar<sup>9<\/sup>.<br><br>Dac\u0103 persoanele cu schizofrenie consider\u0103 c\u0103 le este prea greu s\u0103 \u00ee\u0219i ia medicamentele, trebuie s\u0103 discute cu medicul pentru a lua \u00een calcul alte op\u021biuni.<br><br>Omiterea administr\u0103rii medicamentelor sau administrarea unei doze diferite reprezint\u0103 principalul motiv pentru care oamenii recidiveaz\u0103 \u0219i se confrunt\u0103 cu episoade psihotice noi<sup>9<\/sup>.<\/p><\/div><\/div>\n\n\n\n<div class=\"wp-block-rea-separator-rea-separator-block rea-separator-block front\"><div class=\"rea-separator-block__content\"><hr class=\"rea-separator-block__separator\"><\/div><\/div>\n\n\n\n<div class=\"wp-block-rea-title-rea-title-block rea-title-block front\"><div class=\"rea-title-block__content\"><h3 id=\"strongtratarea-simptomelor-negativestrong\" class=\"content-title \"><strong>Tratarea simptomelor negative<\/strong><\/h3><h4 class=\"content-subtitle rea-hidden\"><\/h4><\/div><\/div>\n\n\n\n<div class=\"wp-block-rea-paragraph-rea-paragraph-block rea-paragraph-block front\"><div class=\"rea-paragraph-block__content\"><p class=\"content-text\">Simptomele negative sunt frecvente la persoanele cu schizofrenie<sup>10<\/sup>. Aceste simptome se manifest\u0103 ca o dorin\u021b\u0103 redus\u0103 de a vorbi,de a socializa sau de a participa la activit\u0103\u021bile zilnice<sup>10<\/sup>.<br><br>Din p\u0103cate, chiar \u0219i medicamentele de a doua genera\u021bie pentru schizofrenie (denumite antipsihotice atipice) nu au reu\u0219it \u00een totalitate s\u0103 solu\u021bioneze simptomele negative<sup>10<\/sup>.<br>\u00cen general, tipurile curente de tratament doresc s\u0103 rezolve simptomele pozitive (psihoza \u0219i episoadele acute) \u0219i doar dup\u0103 ce se atinge acest scop apare o oarecare ameliorare a simptomelor negative<sup>11<\/sup>.<br><br>Simptomele negative pot afecta calitatea vie\u021bii unei persoane, a\u0219adar este extrem de important s\u0103 discuta\u021bi acest aspect cu medicul \u00eenc\u0103 de la \u00eenceput<sup>10<\/sup>.<\/p><\/div><\/div>\n\n\n\n<div class=\"wp-block-rea-quote-rea-quote-block rea-quote-block front\"><div class=\"rea-quote-block__wrapper\"><div class=\"rea-quote-block__content-type\"><div class=\"rea-quote-block__content-type--background\" data-type=\"book\"><div class=\"rea-quote-block__content-type--icon attr-content-type\" data-type=\"book\"><div class=\"content-type-icon\"><\/div><\/div><\/div><\/div><div class=\"rea-quote-block__content-area\"><p class=\"rea-quote-block__content-area--content-type html-content-type-title\" data-type=\"book\"><\/p><h5 class=\"rea-quote-block__content-area--title html-title\"><br>Liniile directoare bazate pe dovezi privind tratarea farmacologic\u0103 a schizofreniei: recomand\u0103rile Asocia\u021biei britanice de psihofarmacologie<\/h5><div class=\"rea-quote-block__content-area--subtitle html-subtitle\">Barnes TR \u0219i Grupul de consens pentru schizofrenie al Asocia\u021biei britanice de psihofarmacologie. J Psychopharmacol. 2011;25(5):567-620<\/div><div class=\"rea-quote-block__content-area--reference html-reference\"><a href=\"https:\/\/www.bap.org.uk\/pdfs\/BAP_Guidelines-Schizophrenia.pdf\" rel=\"nofollow noopener\" target=\"_blank\">https:\/\/www.bap.org.uk\/pdfs\/BAP_Guidelines-Schizophrenia.pdf<\/a><\/div><div class=\"rea-quote-block__content-area--text html-text\">Barnes TR \u0219i Grupul de consens pentru schizofrenie al Asocia\u021biei britanice de psihofarmacologie. J Psychopharmacol. 2011;25<sup>5<\/sup>:567-620<\/div><\/div><\/div><\/div>\n\n\n\n<div class=\"wp-block-rea-references-rea-references-block rea-references-block front\"><div class=\"rea-references-block__references\"><p class=\"references-title\">Referinte<\/p><ol class=\"references-list\"><li>Haller CS, Padmanabhan JL, Lizano P, Torous J, Keshavan M. Recent advances in understanding schizophrenia. F1000Prime Rep. 2014 Jul 8;6:57<\/li><li>NICE CG178 <a href=\"https:\/\/www.nice.org.uk\/guidance\/cg178\" rel=\"nofollow noopener\" target=\"_blank\">https:\/\/www.nice.org.uk\/guidance\/cg178<\/a>. [accessed August 2019]<\/li><li>Bebbington PE. Int Clin Psychopharm 1995;9(Suppl.5): 41\u201350<\/li><li>Cramer JA. Psychiatr Serv 1998;49: 196\u2013201 <\/li><li>Velligan DI. Schizophr Bull 2006;32:724\u2013742<\/li><li>Byerly MJ. Psychiatric Clin North America 2007;30: 437\u2013452<\/li><li>Mitchell AJ Adv Psychiatr Treat 2007;13: 336\u2013346<\/li><li>Barnes TR and the Schizophrenia Consensus Group of the British Association for Psychopharmacology. J Psychopharmacol. 2011;25(5):567-620<\/li><li>Weiden PJ. J Clin Psychiatry 2007;68(Suppl. 14): 14\u201319<\/li><li>Sicras-Mainar A. Neuropsychiatr Dis Treat 2015:11 51\u201357<\/li><li>Sicras-Mainar A, Maurino J, Ruiz-Beato E, Navarro-Artieda R. Impact of negative symptoms on healthcare resource utilization and associated costs in adult outpatients with schizophrenia: a population-based study. BMC Psychiatry. 2014 Aug 6;14:225<\/li><li>NHS, Treatment Schizophrenia, 2016. <a href=\"https:\/\/www.nhs.uk\/conditions\/schizophrenia\/treatment\/\" rel=\"nofollow noopener\" target=\"_blank\">https:\/\/www.nhs.uk\/conditions\/schizophrenia\/treatment\/<\/a> [Accessed October 2019]<\/li><li>NHS, Symptoms, 2016. <a href=\"https:\/\/www.nhs.uk\/conditions\/schizophrenia\/symptoms\/\" rel=\"nofollow noopener\" target=\"_blank\">https:\/\/www.nhs.uk\/conditions\/schizophrenia\/symptoms\/<\/a> [Accessed October 2019]<\/li><li>NICE, Psychosis and schizophrenia in adults: prevention and management, 2014. <a href=\"https:\/\/www.nice.org.uk\/guidance\/cg178\/chapter\/1-Recommendations#subsequent-acute-episodes-of-psychosis-or-schizophrenia-and-referral-in-crisis-2\" rel=\"nofollow noopener\" target=\"_blank\">https:\/\/www.nice.org.uk\/guidance\/cg178\/chapter\/1-Recommendations#subsequent-acute-episodes-of-psychosis-or-schizophrenia-and-referral-in-crisis-2<\/a> [Accessed October 2019]<\/li><\/ol><\/div><\/div>\n\n\n\n\n<div class=\"wp-block-rea-title-rea-title-block rea-title-block front rea-share-block\" style=\"margin-bottom:30px;text-align:center;\">\n\t\t<div class=\"\">\n\t\t\t<span style=\"display:block;margin-bottom:10px;font-size:20px;\">Share<\/span>\n\t\t\t<a href=\"https:\/\/www.facebook.com\/sharer\/sharer.php?u=https:\/\/schizophrenialife.md\/public\/wp-json\/wp\/v2\/pages\/8953\" class=\"facebook-share\" target=\"_blank\"><\/a>\n\t\t\t<a href=\"https:\/\/www.linkedin.com\/shareArticle?mini=true&#038;url=https:\/\/schizophrenialife.md\/public\/wp-json\/wp\/v2\/pages\/8953\" class=\"linkedin-share\" target=\"_blank\"><\/a>\n\t\t<\/div>\n\t<\/div>","protected":false},"excerpt":{"rendered":"<p>Share<\/p>\n","protected":false},"author":6,"featured_media":1194,"parent":0,"menu_order":0,"comment_status":"closed","ping_status":"closed","template":"page-fullwidth.php","meta":{"rea_page_title_signed_in_meta_block_field":"Se poate trata schizofrenia?","rea_page_title_signed_out_meta_block_field":"Se poate trata schizofrenia?","rea_page_description_signed_in_meta_block_field":"Dup\u0103 un diagnostic de schizofrenie, medicul va discuta cu persoana diagnosticat\u0103 pentru a \u00eencepe un plan de tratament. Dup\u0103 ce \u00eencepe tratamentul","rea_page_description_signed_out_meta_block_field":"Dup\u0103 un diagnostic de schizofrenie, medicul va discuta cu persoana diagnosticat\u0103 pentru a \u00eencepe un plan de tratament. Dup\u0103 ce \u00eencepe tratamentul","rea_page_footer_id_meta_block_field":"","rea_page_footer_date_meta_block_field":"","rank_math_lock_modified_date":false,"footnotes":""},"class_list":["post-8953","page","type-page","status-publish","has-post-thumbnail","hentry"],"acf":[],"_links":{"self":[{"href":"https:\/\/schizophrenialife.md\/public\/wp-json\/wp\/v2\/pages\/8953","targetHints":{"allow":["GET"]}}],"collection":[{"href":"https:\/\/schizophrenialife.md\/public\/wp-json\/wp\/v2\/pages"}],"about":[{"href":"https:\/\/schizophrenialife.md\/public\/wp-json\/wp\/v2\/types\/page"}],"author":[{"embeddable":true,"href":"https:\/\/schizophrenialife.md\/public\/wp-json\/wp\/v2\/users\/6"}],"replies":[{"embeddable":true,"href":"https:\/\/schizophrenialife.md\/public\/wp-json\/wp\/v2\/comments?post=8953"}],"version-history":[{"count":9,"href":"https:\/\/schizophrenialife.md\/public\/wp-json\/wp\/v2\/pages\/8953\/revisions"}],"predecessor-version":[{"id":9424,"href":"https:\/\/schizophrenialife.md\/public\/wp-json\/wp\/v2\/pages\/8953\/revisions\/9424"}],"wp:featuredmedia":[{"embeddable":true,"href":"https:\/\/schizophrenialife.md\/public\/wp-json\/wp\/v2\/media\/1194"}],"wp:attachment":[{"href":"https:\/\/schizophrenialife.md\/public\/wp-json\/wp\/v2\/media?parent=8953"}],"curies":[{"name":"wp","href":"https:\/\/api.w.org\/{rel}","templated":true}]}}