{"id":8951,"date":"2023-12-15T08:34:54","date_gmt":"2023-12-15T07:34:54","guid":{"rendered":"https:\/\/schizophrenialife.md\/public\/?page_id=8951"},"modified":"2025-12-18T13:35:55","modified_gmt":"2025-12-18T12:35:55","slug":"diagnosticarea-schizofreniei","status":"publish","type":"page","link":"https:\/\/schizophrenialife.md\/public\/diagnosticarea-schizofreniei\/","title":{"rendered":"Diagnosticarea schizofreniei"},"content":{"rendered":"\n<div class=\"wp-block-rea-hero-banner-rea-hero-banner-block rea-hero-banner-block front has-margin no-btn\"><div class=\"rea-hero-banner-block__image\" style=\"background-image: url(https:\/\/schizophrenialife.md\/public\/wp-content\/uploads\/2019\/03\/wooden.png)\"><img decoding=\"async\" class=\"hero-banner-background\" alt=\"\" src=\"https:\/\/schizophrenialife.md\/public\/wp-content\/uploads\/2019\/03\/wooden.png\"><\/div><div class=\"rea-hero-banner-block__content\"><div class=\"rea-hero-banner-block__content--wrapper\"><div class=\"text-wrapper\"><h1 class=\"hero-banner-title\">Diagnosticarea schizofreniei<\/h1><p class=\"hero-banner-text\">Detectarea fazei prodromale \u0219i determinarea problemelor din aceast\u0103 faz\u0103 are o importan\u021b\u0103 vital\u0103.<\/p><a class=\"button__primary button-text\" href=\"\"><\/a><p class=\"hero-banner-signed-out-text js-hide-dc-signed-in\"><\/p><\/div><div class=\"image-wrapper\"><img decoding=\"async\" class=\"hero-banner-image js-rea-parallax\" alt=\"\" src=\"https:\/\/schizophrenialife.md\/public\/wp-content\/uploads\/2021\/11\/Girl-bed-han-new.jpg\"><\/div><\/div><\/div><\/div>\n\n\n\n<div class=\"wp-block-rea-title-rea-title-block rea-title-block front\"><div class=\"rea-title-block__content\"><h3 id=\"strongdetectarea-semnelor-timpuriistrong\" class=\"content-title \"><strong>Detectarea semnelor timpurii<\/strong><\/h3><h4 class=\"content-subtitle rea-hidden\"><\/h4><\/div><\/div>\n\n\n\n<div class=\"wp-block-rea-paragraph-rea-paragraph-block rea-paragraph-block front\"><div class=\"rea-paragraph-block__content\"><p class=\"content-text\">Diagnosticarea nu este posibil\u0103 \u00eenaintea primelor simptome psihotice acute, \u00een conformitate cu ghidurile actualizate.<br>Cu toate acestea, detectarea semnelor prodromale poate fi esen\u021bial\u0103 pentru prevenirea evolu\u021biei ulterioare sau pentru interven\u021bia timpurie.<br><br>Dac\u0103 cineva detecteaz\u0103 semnele prodromale, poate \u00eencerca s\u0103 reduc\u0103 la minimum factorii de risc cunoscu\u021bi care afecteaz\u0103 dezvoltarea schizofreniei: stresul, mediul urban, emigrarea, canabisul etc\u2026<\/p><\/div><\/div>\n\n\n\n<div class=\"wp-block-rea-cta-rea-cta-block rea-cta-block front cta-left\"><div class=\"rea-cta-block__content\"><h4 class=\"cta-title\"><\/h4><p class=\"cta-text\"><\/p><a class=\"button__primary button-text\" href=\"https:\/\/schizophrenialife.md\/public\/understanding-schizophrenia\/scurta-prezentare-generala-a-schizofreniei\/\">Afla\u021bi mai multe despre cauzele schizofreniei<\/a><\/div><\/div>\n\n\n\n<div class=\"wp-block-rea-separator-rea-separator-block rea-separator-block front\"><div class=\"rea-separator-block__content\" style=\"margin: 0\"><hr class=\"rea-separator-block__separator\"><\/div><\/div>\n\n\n\n<div class=\"wp-block-rea-title-rea-title-block rea-title-block front\"><div class=\"rea-title-block__content\"><h3 id=\"stronginstrumente-de-diagnosticarestrong\" class=\"content-title \"><strong>Instrumente de diagnosticare<\/strong><\/h3><h4 class=\"content-subtitle rea-hidden\"><\/h4><\/div><\/div>\n\n\n\n<div class=\"wp-block-rea-paragraph-rea-paragraph-block rea-paragraph-block front\"><div class=\"rea-paragraph-block__content\"><p class=\"content-text\">Schizofrenia se diagnosticheaz\u0103 \u00een func\u021bie de simptome. De\u0219i se pot testa anumite tr\u0103s\u0103turi biologice sau fizice, de regul\u0103 nu sunt folosite pentru a se stabili un diagnostic<sup>1<\/sup>.<br><br>C\u00e2nd un cadru medical discut\u0103 cu dumneavoastr\u0103 sau cu o persoan\u0103 apropiat\u0103 despre un posibil diagnostic de schizofrenie, acesta va urma aceia\u0219i pa\u0219i de rutin\u0103.<br><br>Testele de diagnosticare a schizofreniei vor \u00eencerca s\u0103 evalueze impactul pe care \u00eel au cele trei forme de simptome asupra unei persoane cu schizofrenie<sup>2<\/sup>. Testele efectuate pentru a se stabili un diagnostic \u0219i a se exclude alte boli pot include<sup>3<\/sup>:<\/p><\/div><\/div>\n\n\n\n<div class=\"wp-block-rea-list-rea-list-block rea-list-block front\"><div class=\"rea-list-block__wrapper\"><div class=\"list-unordered list\"><p>Un consult fizic pentru a se elimina alte cauze poten\u021biale ale simptomelor<\/p><p>Testarea pentru a se elimina posibilele diagnostice diferen\u021biale \u0219i screeninguri pentru consumul de alcool \u0219i droguri<\/p><p>O evaluarea psihiatric\u0103 pentru a se verifica starea mintal\u0103<\/p><p>Evaluarea criteriilor de diagnosticare pentru schizofrenie<\/p><\/div><\/div><\/div>\n\n\n\n<div class=\"wp-block-rea-paragraph-rea-paragraph-block rea-paragraph-block front\"><div class=\"rea-paragraph-block__content\"><p class=\"content-text\">Un manual recunoscut la nivel mondial pentru bolile mintale (denumit DSM-5)<sup>4<\/sup> include cele mai actuale criterii pentru identificarea schizofreniei, iar un medic \u00eel va utiliza pentru a sus\u021bine diagnosticul.<br>Acest instrument ilustreaz\u0103 un num\u0103r mare de simptome \u0219i caracteristici care sunt frecvente \u00een schizofrenie. Cu toate acestea, o persoan\u0103 cu schizofrenie nu va prezenta fiecare simptom descris \u00een DSM-5.<br>Fiecare persoan\u0103 va prezenta o combina\u021bie unic\u0103 a simptomelor \u0219i experien\u021belor<sup>5<\/sup>.<br>Posibilele diagnostice diferen\u021biale includ boala afectiv\u0103 bipolar\u0103, tumorile cerebrale, boala Wilson, hipertiroidism \u0219i boli infec\u021bioase cum ar fi gripa, boala Lyme \u0219i HIV, care pot determina modific\u0103ri privind starea mintal\u0103 a unei persoane<sup>6<\/sup>.<\/p><\/div><\/div>\n\n\n\n<div class=\"wp-block-rea-separator-rea-separator-block rea-separator-block front\"><div class=\"rea-separator-block__content\"><hr class=\"rea-separator-block__separator\"><\/div><\/div>\n\n\n\n<div class=\"wp-block-rea-title-rea-title-block rea-title-block front\"><div class=\"rea-title-block__content\"><h3 id=\"strongevoluia-boliistrong\" class=\"content-title \"><strong>Evolu\u021bia bolii<\/strong><\/h3><h4 class=\"content-subtitle rea-hidden\"><\/h4><\/div><\/div>\n\n\n\n<div class=\"wp-block-rea-paragraph-rea-paragraph-block rea-paragraph-block front\"><div class=\"rea-paragraph-block__content\"><p class=\"content-text\">De asemenea, este important s\u0103 observ\u0103m c\u0103 schizofrenia nu respect\u0103 un curs liniar.<br>Deoarece boala poate fi at\u00e2t de diferit\u0103 \u00een func\u021bie de persoan\u0103, de regul\u0103 este mai bine descris\u0103 dac\u0103 se analizeaz\u0103 cele trei faze al schizofreniei care apar pe parcursul vie\u021bii: prodromal\u0103, acut\u0103 \u0219i stabil\u0103<sup>7,8<\/sup>.<\/p><\/div><\/div>\n\n\n\n<div class=\"wp-block-rea-cta-rea-cta-block rea-cta-block front cta-left\"><div class=\"rea-cta-block__content\"><h4 class=\"cta-title\"><\/h4><p class=\"cta-text\"><\/p><a class=\"button__primary button-text\" href=\"https:\/\/schizophrenialife.md\/public\/cum-se-dezvolta-schizofrenia\/\">Afla\u021bi mai multe despre evolu\u021bia schizofreniei<\/a><\/div><\/div>\n\n\n\n<div class=\"wp-block-rea-title-rea-title-block rea-title-block front\"><div class=\"rea-title-block__content\"><h3 id=\"\" class=\"content-title rea-hidden\"><\/h3><h4 class=\"content-subtitle \"><strong>Tipuri de simptome<\/strong><\/h4><\/div><\/div>\n\n\n\n<div class=\"wp-block-rea-paragraph-rea-paragraph-block rea-paragraph-block front\"><div class=\"rea-paragraph-block__content\"><p class=\"content-text\">Pentru a primi un diagnostic oficial de schizofrenie, ghidul DSM-5 recomand\u0103 prezen\u021ba a dou\u0103 sau mai multe simptome timp de cel pu\u021bin o lun\u0103<sup>4<\/sup>. Cele mai frecvente simptome, denumite simptome pozitive, sunt delirul, halucina\u021biile, tulbur\u0103rile motorii \u0219i vorbirea sau comportamentul dezorganizat<sup>4<\/sup>. O alt\u0103 categorie important\u0103 de simptome sunt simptome negative, care pot fi, de exemplu, lipsa emo\u021biilor sau conversa\u021bia redus\u0103<sup>4<\/sup>. Pot exista \u0219i simptome cognitive, care pot fi probleme privind luarea de decizii informate \u0219i alegeri \u0219i ra\u021bionamente organizate<sup>9<\/sup>. <br>At\u00e2t simptomele pozitive c\u00e2t \u0219i cele negative pot ap\u0103rea \u00een orice faz\u0103 a bolii: \u00eenainte, \u00een timpul sau dup\u0103 episoadele psihotice.<\/p><\/div><\/div>\n\n\n\n<div class=\"wp-block-rea-references-rea-references-block rea-references-block front\"><div class=\"rea-references-block__references\"><p class=\"references-title\">Referinte<\/p><ol class=\"references-list\"><li>Messinger JW. Clin Psychol Rev. 2011 Feb;31(1):161-8;<\/li><li>WebMD Diagnostic Tests for Schizophrenia. <a href=\"https:\/\/www.webmd.com\/schizophrenia\/diagnostic-tests-schizophrenia#1\" rel=\"nofollow noopener\" target=\"_blank\">https:\/\/www.webmd.com\/schizophrenia\/diagnostic-tests-schizophrenia#1<\/a> [Accessed July 2019]<\/li><li>Mayo Clinic Schizophrenia Diagnosis. <a href=\"https:\/\/www.mayoclinic.org\/diseases-conditions\/schizophrenia\/diagnosis-treatment\/drc-20354449\" rel=\"nofollow noopener\" target=\"_blank\">https:\/\/www.mayoclinic.org\/diseases-conditions\/schizophrenia\/diagnosis-treatment\/drc-20354449<\/a> [Accessed July 2019]<\/li><li>American Psychiatric Association. (2013). Diagnostic and statistical manual of mental disorders (5th ed.)<\/li><li>NICE CG178 <a href=\"https:\/\/www.nice.org.uk\/guidance\/cg178\" rel=\"nofollow noopener\" target=\"_blank\">https:\/\/www.nice.org.uk\/guidance\/cg178<\/a><\/li><li>Medscape Schizophrenia Differential Diagnoses. <a href=\"https:\/\/emedicine.medscape.com\/article\/288259-differential\" rel=\"nofollow noopener\" target=\"_blank\">https:\/\/emedicine.medscape.com\/article\/288259-differential <\/a>[Accessed July 2019]<\/li><li>AIPC Overview of Schizophrenia. <a href=\"https:\/\/www.aipc.net.au\/articles\/an-overview-of-schizophrenia\/\" rel=\"nofollow noopener\" target=\"_blank\">https:\/\/www.aipc.net.au\/articles\/an-overview-of-schizophrenia\/<\/a> [Accessed July 2019]<\/li><li>CPA Schizophrenia: A journey to recovery. <a href=\"https:\/\/www.schizophrenia.ca\/docs\/RoadtoRecoveryschzhioph-web.pdf\" rel=\"nofollow noopener\" target=\"_blank\">https:\/\/www.schizophrenia.ca\/docs\/RoadtoRecoveryschzhioph-web.pdf<\/a> [Accessed July 2019]<\/li><li>National Institute of Mental Health Schizophrenia. 2009<\/li><\/ol><\/div><\/div>\n\n\n\n\n<div class=\"wp-block-rea-title-rea-title-block rea-title-block front rea-share-block\" style=\"margin-bottom:30px;text-align:center;\">\n\t\t<div class=\"\">\n\t\t\t<span style=\"display:block;margin-bottom:10px;font-size:20px;\">Share<\/span>\n\t\t\t<a href=\"https:\/\/www.facebook.com\/sharer\/sharer.php?u=https:\/\/schizophrenialife.md\/public\/wp-json\/wp\/v2\/pages\/8951\" class=\"facebook-share\" target=\"_blank\"><\/a>\n\t\t\t<a href=\"https:\/\/www.linkedin.com\/shareArticle?mini=true&#038;url=https:\/\/schizophrenialife.md\/public\/wp-json\/wp\/v2\/pages\/8951\" class=\"linkedin-share\" target=\"_blank\"><\/a>\n\t\t<\/div>\n\t<\/div>","protected":false},"excerpt":{"rendered":"<p>Share<\/p>\n","protected":false},"author":6,"featured_media":2999,"parent":0,"menu_order":0,"comment_status":"closed","ping_status":"closed","template":"page-fullwidth.php","meta":{"rea_page_title_signed_in_meta_block_field":"Cum se diagnosticheaz\u0103 schizofrenia?","rea_page_title_signed_out_meta_block_field":"Cum se diagnosticheaz\u0103 schizofrenia?","rea_page_description_signed_in_meta_block_field":"Diagnosticarea nu este posibil\u0103 \u00eenaintea primelor simptome psihotice acute, \u00een conformitate cu liniile directoare actualizate. Cu toate acestea, detectarea semnelor prodromale poate fi esen\u021bial\u0103","rea_page_description_signed_out_meta_block_field":"Diagnosticarea nu este posibil\u0103 \u00eenaintea primelor simptome psihotice acute, \u00een conformitate cu liniile directoare actualizate. Cu toate acestea, detectarea semnelor prodromale poate fi esen\u021bial\u0103","rea_page_footer_id_meta_block_field":"","rea_page_footer_date_meta_block_field":"","rank_math_lock_modified_date":false,"footnotes":""},"class_list":["post-8951","page","type-page","status-publish","has-post-thumbnail","hentry"],"acf":[],"_links":{"self":[{"href":"https:\/\/schizophrenialife.md\/public\/wp-json\/wp\/v2\/pages\/8951","targetHints":{"allow":["GET"]}}],"collection":[{"href":"https:\/\/schizophrenialife.md\/public\/wp-json\/wp\/v2\/pages"}],"about":[{"href":"https:\/\/schizophrenialife.md\/public\/wp-json\/wp\/v2\/types\/page"}],"author":[{"embeddable":true,"href":"https:\/\/schizophrenialife.md\/public\/wp-json\/wp\/v2\/users\/6"}],"replies":[{"embeddable":true,"href":"https:\/\/schizophrenialife.md\/public\/wp-json\/wp\/v2\/comments?post=8951"}],"version-history":[{"count":10,"href":"https:\/\/schizophrenialife.md\/public\/wp-json\/wp\/v2\/pages\/8951\/revisions"}],"predecessor-version":[{"id":9425,"href":"https:\/\/schizophrenialife.md\/public\/wp-json\/wp\/v2\/pages\/8951\/revisions\/9425"}],"wp:featuredmedia":[{"embeddable":true,"href":"https:\/\/schizophrenialife.md\/public\/wp-json\/wp\/v2\/media\/2999"}],"wp:attachment":[{"href":"https:\/\/schizophrenialife.md\/public\/wp-json\/wp\/v2\/media?parent=8951"}],"curies":[{"name":"wp","href":"https:\/\/api.w.org\/{rel}","templated":true}]}}