{"id":8949,"date":"2023-12-15T08:31:55","date_gmt":"2023-12-15T07:31:55","guid":{"rendered":"https:\/\/schizophrenialife.md\/public\/?page_id=8949"},"modified":"2025-12-18T13:35:55","modified_gmt":"2025-12-18T12:35:55","slug":"cum-se-dezvolta-schizofrenia","status":"publish","type":"page","link":"https:\/\/schizophrenialife.md\/public\/cum-se-dezvolta-schizofrenia\/","title":{"rendered":"Cum se dezvolt\u0103 schizofrenia?"},"content":{"rendered":"\n<div class=\"wp-block-rea-hero-banner-rea-hero-banner-block rea-hero-banner-block front has-margin no-btn\"><div class=\"rea-hero-banner-block__image\" style=\"background-image: url(https:\/\/schizophrenialife.md\/public\/wp-content\/uploads\/2019\/03\/wooden.png)\"><img decoding=\"async\" class=\"hero-banner-background\" alt=\"\" src=\"https:\/\/schizophrenialife.md\/public\/wp-content\/uploads\/2019\/03\/wooden.png\"><\/div><div class=\"rea-hero-banner-block__content\"><div class=\"rea-hero-banner-block__content--wrapper\"><div class=\"text-wrapper\"><h1 class=\"hero-banner-title\">Cum se dezvolt\u0103 schizofrenia?<\/h1><p class=\"hero-banner-text\">Schizofrenia are un profil clinic divers, \u00een func\u021bie de persoan\u0103 \u0219i de etap\u0103. Determinarea precis\u0103 a fazei bolii poate contribui la identificarea celei mai bune variante de tratament \u0219i celei mai bune abord\u0103ri pentru gestionare.<\/p><a class=\"button__primary button-text\" href=\"\"><\/a><p class=\"hero-banner-signed-out-text js-hide-dc-signed-in\"><\/p><\/div><div class=\"image-wrapper\"><img decoding=\"async\" class=\"hero-banner-image js-rea-parallax\" alt=\"\" src=\"https:\/\/schizophrenialife.md\/public\/wp-content\/uploads\/2021\/11\/timi-A4-012.jpg\"><\/div><\/div><\/div><\/div>\n\n\n\n<div class=\"wp-block-rea-title-rea-title-block rea-title-block front\"><div class=\"rea-title-block__content\"><h3 id=\"strongfazestrong\" class=\"content-title \"><strong>Faze<\/strong><\/h3><h4 class=\"content-subtitle rea-hidden\"><\/h4><\/div><\/div>\n\n\n\n<div class=\"wp-block-rea-paragraph-rea-paragraph-block rea-paragraph-block front\"><div class=\"rea-paragraph-block__content\"><p class=\"content-text\">Deoarece schizofrenia nu se dezvolt\u0103 urm\u00e2nd un anumit tipar, cel mai bun mod de a descrie evolu\u021bia bolii este \u00een faze.<br><br>Exist\u0103 trei faze principale &#8211; o faz\u0103 prodromal\u0103, o faz\u0103 acut\u0103 \u0219i o faz\u0103 stabil\u0103<sup>1,2<\/sup>.<br>Termenul prodromal se refer\u0103 la o perioad\u0103 care apare \u00eenaintea primului episod acut. Faza prodromal\u0103 se refer\u0103 la perioada dinaintea primului episod de psihoz\u0103 \u0219i poate dura oric\u00e2t, \u00eentre c\u00e2teva zile \u0219i 18 luni. \u00cen aceast\u0103 faz\u0103, o persoan\u0103 cu schizofrenie poate prezenta anumite ac\u021biuni sau comportamente neobi\u0219nuite, se poate confrunta cu anumite probleme de memorie, probleme de concentrare sau dificult\u0103\u021bi de comunicare sau participare la activit\u0103\u021bile sociale<sup>2<\/sup>.<br><br>De regul\u0103, dup\u0103 faza prodromal\u0103 \u00eencepe faza acut\u0103. \u00cen acest timp, o persoan\u0103 cu schizofrenie poate dezvolta anumite simptome pozitive cum ar fi halucina\u021biile sau delirul, care \u00eei pot provoca un grad ridicat de disconfort.<br><br>De regul\u0103, episodul acut este rezolvat cu ajutor farmacologic \u0219i psihologic, iar simptomele se reduc sau, \u00een majoritatea cazurilor, dispar complet. Pot r\u0103m\u00e2ne anumite simptome negative (de exemplu, interesul redus privind activit\u0103\u021bile zilnice sau evenimentele sociale). Aceast\u0103 faz\u0103 poate dura c\u00e2\u021biva ani. Aceasta se poate denumi faza stabil\u0103<sup>2<\/sup>.<br><br>Unele persoane se pot confrunta cu faza acut\u0103 pe toat\u0103 durata vie\u021bii &#8211; din nou, aceasta se poate gestiona cu medica\u021bie \u0219i asisten\u021b\u0103 psihologic\u0103.<\/p><\/div><\/div>\n\n\n\n<div class=\"wp-block-rea-illustration-rea-illustration-block rea-illustration-block front\"><img class=\"illustration-bg\" alt=\"\"><div class=\"rea-illustration-block__content\"><div class=\"rea-illustration-block__image image-wrapper\"><a href=\"https:\/\/schizophrenialife.md\/public\/wp-content\/uploads\/2024\/03\/K009_01_1366px.png\" rel=\"noopener noreferrer\" target=\"_blank\" class=\"\"><img decoding=\"async\" class=\"illustration center\" alt=\"\" src=\"https:\/\/schizophrenialife.md\/public\/wp-content\/uploads\/2024\/03\/K009_01_1366px.png\" style=\"max-width: 100%\"><img decoding=\"async\" class=\"rea-mobile illustration-mobile\" alt=\"\" src=\"https:\/\/schizophrenialife.md\/public\/wp-content\/uploads\/2024\/03\/K009_01_1366px.png\"><\/a><\/div><p class=\"rea-site__caption caption-text align-center\">Figura 1: un exemplu al modului \u00een care pot evolua \u00een timp fazele schizofreniei. (Adaptat dup\u0103 Lieberman and First, 2018)<\/p><\/div><\/div>\n\n\n\n<div class=\"wp-block-rea-separator-rea-separator-block rea-separator-block front\"><div class=\"rea-separator-block__content\"><hr class=\"rea-separator-block__separator\"><\/div><\/div>\n\n\n\n<div class=\"wp-block-rea-title-rea-title-block rea-title-block front\"><div class=\"rea-title-block__content\"><h3 id=\"strongseveritate-agravat-a-semnelor-i-simptomelorstrong\" class=\"content-title \"><strong>Severitate agravat\u0103 a semnelor \u0219i simptomelor<\/strong><\/h3><h4 class=\"content-subtitle rea-hidden\"><\/h4><\/div><\/div>\n\n\n\n<div class=\"wp-block-rea-paragraph-rea-paragraph-block rea-paragraph-block front\"><div class=\"rea-paragraph-block__content\"><p class=\"content-text\">\u00cen func\u021bie de faze, se pare c\u0103 schizofrenia are un tipar foarte predictibil &#8211; dar, din nefericire, are un curs unic al bolii \u0219i fiecare persoan\u0103 poate urma diferite tipare de episoade \u0219i tipuri de simptome. Episoadele acute cu simptome pozitive pot fi foarte scurte pentru anumite persoane sau pot dura c\u00e2\u021biva ani la alte persoane. Unele persoane cu schizofrenie nu prezint\u0103 nicio perioad\u0103 prodromal\u0103 evident\u0103 &#8211; diagnosticul apare doar dup\u0103 primul episod brusc \u0219i acut<sup>2<\/sup>.<br><br>\u00cen imaginea de mai jos pute\u021bi vedea cum ajunge o persoan\u0103 cu schizofrenie \u00een oricare dintre cele patru tipare de boal\u0103. Dup\u0103 un episod acut, una din cinci persoane nu prezint\u0103 niciodat\u0103 un alt simptom pe toat\u0103 durata vie\u021bii. \u00cen schimb, patru din cinci persoane vor mai prezenta episoade acute \u00een timp. Aceasta nu \u00eenseamn\u0103 c\u0103 toate episoadele acute viitoare vor avea aceea\u0219i intensitate \u0219i poate trece mult timp \u00eentre episoade.<\/p><\/div><\/div>\n\n\n\n<div class=\"wp-block-rea-illustration-rea-illustration-block rea-illustration-block front\"><img class=\"illustration-bg\" alt=\"\"><div class=\"rea-illustration-block__content\"><div class=\"rea-illustration-block__image image-wrapper\"><a href=\"https:\/\/schizophrenialife.md\/public\/wp-content\/uploads\/2024\/03\/G03_03_1366px.png\" rel=\"noopener noreferrer\" target=\"_blank\" class=\"\"><img decoding=\"async\" class=\"illustration center\" alt=\"\" src=\"https:\/\/schizophrenialife.md\/public\/wp-content\/uploads\/2024\/03\/G03_03_1366px.png\" style=\"max-width: 100%\"><img decoding=\"async\" class=\"rea-mobile illustration-mobile\" alt=\"\" src=\"https:\/\/schizophrenialife.md\/public\/wp-content\/uploads\/2024\/03\/G03_03_1366px-1.png\"><\/a><\/div><p class=\"rea-site__caption caption-text align-center\">Fig. 2: Shepherd, M. The Natural History of Schizophrenia: A Five-Year Follow-up Study of Outcome and Prediction in a Representative Sample of Schizophrenics, Psychological Medicine Monograph, supplement 15, 1989.<\/p><\/div><\/div>\n\n\n\n<div class=\"wp-block-rea-references-rea-references-block rea-references-block front\"><div class=\"rea-references-block__references\"><p class=\"references-title\">Referin\u021be<\/p><ol class=\"references-list\"><li>AIPC Overview of Schizophrenia. https:\/\/www.aipc.net.au\/articles\/an-overview-of-schizophrenia\/ [Accessed July 2019]<\/li><li>CPA Schizophrenia: A journey to recovery. https:\/\/www.schizophrenia.ca\/docs\/RoadtoRecoveryschzhioph-web.pdf [Accessed July 2019]<\/li><li>Lieberman and First. N Engl J Med. 2018;379:270-80<\/li><li>Shepherd et al. Psychol Med Monogr Suppl. 1989;15:1-46<\/li><\/ol><\/div><\/div>\n\n\n\n\n<div class=\"wp-block-rea-title-rea-title-block rea-title-block front rea-share-block\" style=\"margin-bottom:30px;text-align:center;\">\n\t\t<div class=\"\">\n\t\t\t<span style=\"display:block;margin-bottom:10px;font-size:20px;\">Share<\/span>\n\t\t\t<a href=\"https:\/\/www.facebook.com\/sharer\/sharer.php?u=https:\/\/schizophrenialife.md\/public\/wp-json\/wp\/v2\/pages\/8949\" class=\"facebook-share\" target=\"_blank\"><\/a>\n\t\t\t<a href=\"https:\/\/www.linkedin.com\/shareArticle?mini=true&#038;url=https:\/\/schizophrenialife.md\/public\/wp-json\/wp\/v2\/pages\/8949\" class=\"linkedin-share\" target=\"_blank\"><\/a>\n\t\t<\/div>\n\t<\/div>","protected":false},"excerpt":{"rendered":"<p>Share<\/p>\n","protected":false},"author":6,"featured_media":1145,"parent":0,"menu_order":0,"comment_status":"closed","ping_status":"closed","template":"page-fullwidth.php","meta":{"rea_page_title_signed_in_meta_block_field":"Cum se dezvolt\u0103 schizofrenia?","rea_page_title_signed_out_meta_block_field":"Cum se dezvolt\u0103 schizofrenia?","rea_page_description_signed_in_meta_block_field":"Deoarece schizofrenia nu se dezvolt\u0103 urm\u00e2nd un anumit tipar, cel mai bun mod de a descrie evolu\u021bia bolii este \u00een faze. Exist\u0103 trei faze principale -","rea_page_description_signed_out_meta_block_field":"Deoarece schizofrenia nu se dezvolt\u0103 urm\u00e2nd un anumit tipar, cel mai bun mod de a descrie evolu\u021bia bolii este \u00een faze. Exist\u0103 trei faze principale -","rea_page_footer_id_meta_block_field":"","rea_page_footer_date_meta_block_field":"","rank_math_lock_modified_date":false,"footnotes":""},"class_list":["post-8949","page","type-page","status-publish","has-post-thumbnail","hentry"],"acf":[],"_links":{"self":[{"href":"https:\/\/schizophrenialife.md\/public\/wp-json\/wp\/v2\/pages\/8949","targetHints":{"allow":["GET"]}}],"collection":[{"href":"https:\/\/schizophrenialife.md\/public\/wp-json\/wp\/v2\/pages"}],"about":[{"href":"https:\/\/schizophrenialife.md\/public\/wp-json\/wp\/v2\/types\/page"}],"author":[{"embeddable":true,"href":"https:\/\/schizophrenialife.md\/public\/wp-json\/wp\/v2\/users\/6"}],"replies":[{"embeddable":true,"href":"https:\/\/schizophrenialife.md\/public\/wp-json\/wp\/v2\/comments?post=8949"}],"version-history":[{"count":13,"href":"https:\/\/schizophrenialife.md\/public\/wp-json\/wp\/v2\/pages\/8949\/revisions"}],"predecessor-version":[{"id":9426,"href":"https:\/\/schizophrenialife.md\/public\/wp-json\/wp\/v2\/pages\/8949\/revisions\/9426"}],"wp:featuredmedia":[{"embeddable":true,"href":"https:\/\/schizophrenialife.md\/public\/wp-json\/wp\/v2\/media\/1145"}],"wp:attachment":[{"href":"https:\/\/schizophrenialife.md\/public\/wp-json\/wp\/v2\/media?parent=8949"}],"curies":[{"name":"wp","href":"https:\/\/api.w.org\/{rel}","templated":true}]}}