{"id":8947,"date":"2023-12-15T08:24:10","date_gmt":"2023-12-15T07:24:10","guid":{"rendered":"https:\/\/schizophrenialife.md\/public\/?page_id=8947"},"modified":"2025-12-18T13:35:55","modified_gmt":"2025-12-18T12:35:55","slug":"simptome","status":"publish","type":"page","link":"https:\/\/schizophrenialife.md\/public\/simptome\/","title":{"rendered":"Simptome"},"content":{"rendered":"\n<div class=\"wp-block-rea-hero-banner-rea-hero-banner-block rea-hero-banner-block front has-margin no-btn\"><div class=\"rea-hero-banner-block__image\" style=\"background-image: url(https:\/\/schizophrenialife.md\/public\/wp-content\/uploads\/2019\/03\/wooden.png)\"><img decoding=\"async\" class=\"hero-banner-background\" alt=\"\" src=\"https:\/\/schizophrenialife.md\/public\/wp-content\/uploads\/2019\/03\/wooden.png\"><\/div><div class=\"rea-hero-banner-block__content\"><div class=\"rea-hero-banner-block__content--wrapper\"><div class=\"text-wrapper\"><h1 class=\"hero-banner-title\">Simptome<\/h1><p class=\"hero-banner-text\">Foarte mult timp, schizofrenia a fost considerat\u0103 o \u201eboal\u0103 delirant\u0103\u201d: acum este evident c\u0103 este o boal\u0103 progresiv\u0103, cu simptome multi-dimensionale.<\/p><a class=\"button__primary button-text\" href=\"\"><\/a><p class=\"hero-banner-signed-out-text js-hide-dc-signed-in\"><\/p><\/div><div class=\"image-wrapper\"><img decoding=\"async\" class=\"hero-banner-image js-rea-parallax\" alt=\"\" src=\"https:\/\/schizophrenialife.md\/public\/wp-content\/uploads\/2021\/11\/timi-A4-020.jpg\"><\/div><\/div><\/div><\/div>\n\n\n\n<div class=\"wp-block-rea-paragraph-rea-paragraph-block rea-paragraph-block front\"><div class=\"rea-paragraph-block__content\"><p class=\"content-text\">Persoanele cu schizofrenie pot prezenta o serie de simptome, care le pot afecta calitatea vie\u021bii<sup>1<\/sup>. De regul\u0103, aceste simptome apar la o v\u00e2rst\u0103 t\u00e2n\u0103r\u0103, \u00eentre 16 \u0219i 30 de ani<sup>2<\/sup>.<br><br>Medicul va evalua simptomele pentru a stabili diagnosticul. \u00cen prezent exist\u0103 instrumente fiabile pentru diagnosticarea schizofreniei, precum \u0219i terapii medicale eficiente care pot ameliora simptomele prezente cu efecte secundare reduse<sup>3<\/sup>.<br><br>\u00cen conformitate cu comunitatea medical\u0103, simptomele de schizofrenie se pot \u00eencadra \u00een una dintre cele trei categorii principale de mai jos<sup>2<\/sup>:<\/p><\/div><\/div>\n\n\n\n<div class=\"wp-block-rea-list-rea-list-block rea-list-block front\"><div class=\"rea-list-block__wrapper\"><div class=\"list-unordered list\"><p> <strong>Pozitive<\/strong><\/p><p> <strong>Negative<\/strong> <\/p><p> <strong>Cognitive<\/strong> <\/p><\/div><\/div><\/div>\n\n\n\n<div class=\"wp-block-rea-title-rea-title-block rea-title-block front\"><div class=\"rea-title-block__content\"><h3 id=\"care-sunt-simptomele-empozitiveem-de-schizofrenie\" class=\"content-title \">Care sunt simptomele <em>pozitive<\/em> de schizofrenie?<\/h3><h4 class=\"content-subtitle rea-hidden\"><\/h4><\/div><\/div>\n\n\n\n<div class=\"wp-block-rea-paragraph-rea-paragraph-block rea-paragraph-block front\"><div class=\"rea-paragraph-block__content\"><p class=\"content-text\">Persoanele cu schizofrenie prezint\u0103 simptome <em>pozitive<\/em> atunci c\u00e2nd afi\u0219eaz\u0103 comportamente neobi\u0219nuite \u0219i simt c\u0103 pierd leg\u0103tura cu anumite aspecte ale realit\u0103\u021bii<sup>2<\/sup>. Pentru majoritatea persoanelor cu schizofrenie, aceste simptome apar \u0219i dispar, dar pot persista \u00een timp<sup>2<\/sup>. De asemenea, aceste simptome r\u0103m\u00e2n frecvent neobservate<sup>2<\/sup>. Pot include:<\/p><\/div><\/div>\n\n\n\n<div class=\"wp-block-rea-list-rea-list-block rea-list-block front\"><div class=\"rea-list-block__wrapper\"><div class=\"list-unordered list\"><p>Halucina\u021bii: oamenii pot vedea, auzi, mirosi, gusta sau sim\u021bi lucruri care nu sunt reale. Auzirea unor voci este frecvent\u0103 \u0219i poate dura o perioad\u0103 \u00eendelungat\u0103 \u00eenainte ca familia sau prietenii s\u0103 observe ceva neobi\u0219nuit<sup>2<\/sup>.<\/p><p>Delirul: oamenii pot crede lucruri care nu sunt reale. De exemplu, pot crede c\u0103 sunt \u00een pericol sau c\u0103 oamenii din apropierea lor vorbesc despre ei, de\u0219i nu este adev\u0103rat<sup>2<\/sup>.<\/p><p>G\u00e2ndirea dezorganizat\u0103: modul \u00een care g\u00e2ndesc poate p\u0103rea ilogic \u0219i pot avea dificult\u0103\u021bi \u00een a-\u0219i organiza g\u00e2ndurile. Nu este neobi\u0219nuit s\u0103 se opreasc\u0103 brusc \u00een mijlocul unei propozi\u021bii, atunci c\u00e2nd vorbesc<sup>2<\/sup>.<\/p><p>Dificult\u0103\u021bi motorii: pot prezenta mi\u0219c\u0103ri corporale anormale sau repetitive sau pot, arareori, s\u0103 se opreasc\u0103 din orice mi\u0219care o anumit\u0103 perioad\u0103 (catatonie)<sup>2<\/sup>.<\/p><\/div><\/div><\/div>\n\n\n\n<div class=\"wp-block-rea-separator-rea-separator-block rea-separator-block front\"><div class=\"rea-separator-block__content\"><hr class=\"rea-separator-block__separator\"><\/div><\/div>\n\n\n\n<div class=\"wp-block-rea-title-rea-title-block rea-title-block front\"><div class=\"rea-title-block__content\"><h3 id=\"strongcare-sunt-simptomele-emnegativeem-ale-schizofrenieistrong\" class=\"content-title \"><strong>Care sunt simptomele <em>negative<\/em> ale schizofreniei?<\/strong><\/h3><h4 class=\"content-subtitle rea-hidden\"><\/h4><\/div><\/div>\n\n\n\n<div class=\"wp-block-rea-paragraph-rea-paragraph-block rea-paragraph-block front\"><div class=\"rea-paragraph-block__content\"><p class=\"content-text\">Persoanele cu schizofrenie prezint\u0103 simptome <em>negative<\/em> atunci c\u00e2nd se confrunt\u0103 cu retragerea social\u0103 \u0219i au probleme \u00een afi\u0219area emo\u021biilor<sup>2<\/sup>. Aceste simptome, mai mult dec\u00e2t cele <em>pozitive<\/em>, pot fi dificil de recunoscut \u0219i pot fi confundate cu depresia sau alte afec\u021biuni<sup>2<\/sup>. Experien\u021bele pot include:<\/p><\/div><\/div>\n\n\n\n<div class=\"wp-block-rea-list-rea-list-block rea-list-block front\"><div class=\"rea-list-block__wrapper\"><div class=\"list-unordered list\"><p>Reducerea emo\u021biilor \u0219i a expresiilor \u0219i vorbitul cu voce monoton\u0103 (aplatizare afectiv\u0103)<sup>2,4<\/sup><\/p><p>Vorbire limitat\u0103, chiar \u0219i c\u00e2nd exist\u0103 ceva important de comunicat (alogie)<sup>2,4<\/sup><\/p><p>Probleme \u00een experimentarea pl\u0103cerii (anhedonie)<sup>2,4<\/sup><\/p><p>Retragere social\u0103, ignorarea activit\u0103\u021bilor zilnice (comportament antisocial)<sup>2,4<\/sup><\/p><p>Lipsa de motiva\u021bie, a sensului scopului sau a abilit\u0103\u021bii de a respecta un plan (avoli\u021bie, apatie)<sup>2,4<\/sup><\/p><\/div><\/div><\/div>\n\n\n\n<div class=\"wp-block-rea-paragraph-rea-paragraph-block rea-paragraph-block front\"><div class=\"rea-paragraph-block__content\"><p class=\"content-text\">Dac\u0103 o persoan\u0103 este diagnosticat\u0103 cu schizofrenie caracterizat\u0103 \u00een principal de simptome <em>negative<\/em>, medicul va analiza dac\u0103 acestea sunt <strong>primare<\/strong> sau <strong>secundare<\/strong><sup>5<\/sup> Simptomele <em>negative<\/em> <strong>primare<\/strong> sunt considerate simptome principale ale schizofreniei, \u00een timp ce simptomele <em>negative<\/em> <strong>secundare<\/strong> sunt considerate o consecin\u021b\u0103 a simptomelor <em>pozitive<\/em><sup>5<\/sup>.<br><br>Simptomele <em>negative<\/em> secundare pot rezulta din: <br><\/p><\/div><\/div>\n\n\n\n<div class=\"wp-block-rea-list-rea-list-block rea-list-block front\"><div class=\"rea-list-block__wrapper\"><div class=\"list-unordered list\"><p>Efecte secundare neurologice, de exemplu, efecte secundare extrapiramidale determinate de medica\u021bie, distonie acut\u0103, parkinsonism indus de antipsihotice \u0219i dificult\u0103\u021bi motorii<sup>5<\/sup><\/p><p>Depresie, de exemplu, depresie post-psihotic\u0103 sau indus\u0103 de antipsihotice<sup>5<\/sup><\/p><p>Factorii de mediu, de exemplu lipsa stimul\u0103rii sociale poate ap\u0103rea dup\u0103 o internare \u00eendelungat\u0103<sup>5<\/sup><\/p><\/div><\/div><\/div>\n\n\n\n<div class=\"wp-block-rea-separator-rea-separator-block rea-separator-block front\"><div class=\"rea-separator-block__content\"><hr class=\"rea-separator-block__separator\"><\/div><\/div>\n\n\n\n<div class=\"wp-block-rea-title-rea-title-block rea-title-block front\"><div class=\"rea-title-block__content\"><h3 id=\"strongcare-sunt-simptomele-emcognitiveem-ale-schizofrenieistrong\" class=\"content-title \"><strong>Care sunt simptomele <em>cognitive<\/em> ale schizofreniei?<\/strong><\/h3><h4 class=\"content-subtitle rea-hidden\"><\/h4><\/div><\/div>\n\n\n\n<div class=\"wp-block-rea-paragraph-rea-paragraph-block rea-paragraph-block front\"><div class=\"rea-paragraph-block__content\"><p class=\"content-text\">Pentru anumi\u021bi pacien\u021bi, simptomele <em>cognitive<\/em> de schizofrenie sunt subtile, dar pentru al\u021bii pot fi mai severe<sup>2<\/sup>. Simptomele <em>cognitive<\/em> sunt dificil de detectat \u0219i pot necesita o evaluare special\u0103<sup>2<\/sup>. Dac\u0103 o persoan\u0103 cu schizofrenie prezint\u0103 simptome <em>cognitive<\/em>, se pot observa:<br><\/p><\/div><\/div>\n\n\n\n<div class=\"wp-block-rea-list-rea-list-block rea-list-block front\"><div class=\"rea-list-block__wrapper\"><div class=\"list-unordered list\"><p>Abilitate redus\u0103 de a procesa informa\u021biile \u0219i a lua decizii<sup>2<\/sup><\/p><p>Probleme la concentrarea asupra unei sarcini<sup>2<\/sup><\/p><p>Probleme cu memoria pe termen scurt (de lucru)<sup>2<\/sup><\/p><\/div><\/div><\/div>\n\n\n\n<div class=\"wp-block-rea-separator-rea-separator-block rea-separator-block front\"><div class=\"rea-separator-block__content\"><hr class=\"rea-separator-block__separator\"><\/div><\/div>\n\n\n\n<div class=\"wp-block-rea-title-rea-title-block rea-title-block front\"><div class=\"rea-title-block__content\"><h3 id=\"strongcare-este-tiparul-simptomelor-de-schizofreniestrong\" class=\"content-title \"><strong>Care este tiparul simptomelor de schizofrenie?<\/strong><\/h3><h4 class=\"content-subtitle rea-hidden\"><\/h4><\/div><\/div>\n\n\n\n<div class=\"wp-block-rea-paragraph-rea-paragraph-block rea-paragraph-block front\"><div class=\"rea-paragraph-block__content\"><p class=\"content-text\">De regul\u0103, schizofrenia \u00eencepe cu o perioad\u0103 prodromal\u0103 care dureaz\u0103 de la c\u00e2teva zile la 18 luni \u0219i persoana afectat\u0103 poate observa deteriorarea func\u021bionalit\u0103\u021bii personale sau probleme de memorie sau concentrare<sup>6<\/sup> Perioada prodromal\u0103 este urmat\u0103 de primul episod de psihoz\u0103 (FEP), exprimat prin delir, halucina\u021bii, probleme comportamentale \u0219i disconfort<sup>6<\/sup>.<br><br>FEP este urmat de faza \u201erezidual\u0103\u201d care dureaz\u0103 mai mul\u021bi ani, care poate fi \u00eentrerupt\u0103 de episoade psihotice acute recurente<sup>6<\/sup>. Episoadele acute pot fi controlate prin interven\u021bii farmacologice \u0219i psihologice adecvate<sup>6<\/sup>.<br><br>Difer\u0103 \u00een func\u021bie de persoan\u0103, iar simptomele unei persoane nu vor fi niciodat\u0103 identice cu cele ale altei persoane<sup>6<\/sup>. Unele persoane pot prezenta simptome <em>pozitive<\/em> o perioad\u0103 foarte scurt\u0103, altele se pot confrunta cu ele ani de zile, \u00een timp ce al\u021bii pot s\u0103ri peste perioada prodromal\u0103<sup>6<\/sup>.<\/p><\/div><\/div>\n\n\n\n<div class=\"wp-block-columns is-layout-flex wp-container-core-columns-is-layout-9d6595d7 wp-block-columns-is-layout-flex\">\n<div class=\"wp-block-column is-layout-flow wp-block-column-is-layout-flow\" style=\"flex-basis:100%\">\n<div class=\"wp-block-rea-illustration-rea-illustration-block rea-illustration-block front\"><img class=\"illustration-bg\" alt=\"\"><div class=\"rea-illustration-block__content\"><div class=\"rea-illustration-block__image image-wrapper\"><a href=\"https:\/\/schizophrenialife.md\/public\/wp-content\/uploads\/2024\/04\/Schizo_bun.png\" rel=\"noopener noreferrer\" target=\"_blank\" class=\"\"><img decoding=\"async\" class=\"illustration center\" alt=\"\" src=\"https:\/\/schizophrenialife.md\/public\/wp-content\/uploads\/2024\/04\/Schizo_bun.png\" style=\"max-width: 100%\"><img decoding=\"async\" class=\"rea-mobile illustration-mobile\" alt=\"\" src=\"https:\/\/schizophrenialife.md\/public\/wp-content\/uploads\/2024\/04\/Schizo_bun.png\"><\/a><\/div><p class=\"rea-site__caption caption-text align-center\"> Simptome negative pe toat\u0103 durata schizofreniei (Adaptat dup\u0103 Millan et al., 2014)\u2077<\/p><\/div><\/div>\n<\/div>\n<\/div>\n\n\n\n<div class=\"wp-block-rea-paragraph-rea-paragraph-block rea-paragraph-block front\"><div class=\"rea-paragraph-block__content\"><p class=\"content-text\">Accesa\u021bi sec\u021biunea pentru <a href=\"https:\/\/schizophrenialife.md\/public\/diagnosis-treatment\/diagnosticarea-schizofreniei\/\">diagnosticare<\/a> ca s\u0103 afla\u021bi mai multe despre diagnosticarea schizofreniei<\/p><\/div><\/div>\n\n\n\n<div class=\"wp-block-rea-references-rea-references-block rea-references-block front\"><div class=\"rea-references-block__references\"><p class=\"references-title\">Referinte<\/p><ol class=\"references-list\"><li>Arsova S. Open Access Maced J Med Sci. 2016;4(3):388-391<\/li><li>National Institute of Mental Health. Schizophrenia: <a href=\"https:\/\/www.nimh.nih.gov\/health\/publications\/schizophrenia\/index.shtml\" rel=\"nofollow noopener\" target=\"_blank\">https:\/\/www.nimh.nih.gov\/health\/publications\/schizophrenia\/index.shtml<\/a><\/li><li>National Institutes of Health. Schizophrenia NIH Factsheet 2010: <a href=\"https:\/\/report.nih.gov\/nihfactsheets\/viewfactsheet.aspx?csid=67\" rel=\"nofollow noopener\" target=\"_blank\">https:\/\/report.nih.gov\/nihfactsheets\/viewfactsheet.aspx?csid=67<\/a><\/li><li>Tandon R. Current Psychiatry 2002;1(9):36-42<\/li><li>Kirschner M. Schizophr Res. 2017; 186:29-38<\/li><li>NICE CG 178<\/li><li>Millan et al. Eur Neuropsychopharmacol. 2014; 24(5):645-92<\/li><\/ol><\/div><\/div>\n\n\n\n\n<div class=\"wp-block-rea-title-rea-title-block rea-title-block front rea-share-block\" style=\"margin-bottom:30px;text-align:center;\">\n\t\t<div class=\"\">\n\t\t\t<span style=\"display:block;margin-bottom:10px;font-size:20px;\">Share<\/span>\n\t\t\t<a href=\"https:\/\/www.facebook.com\/sharer\/sharer.php?u=https:\/\/schizophrenialife.md\/public\/wp-json\/wp\/v2\/pages\/8947\" class=\"facebook-share\" target=\"_blank\"><\/a>\n\t\t\t<a href=\"https:\/\/www.linkedin.com\/shareArticle?mini=true&#038;url=https:\/\/schizophrenialife.md\/public\/wp-json\/wp\/v2\/pages\/8947\" class=\"linkedin-share\" target=\"_blank\"><\/a>\n\t\t<\/div>\n\t<\/div>","protected":false},"excerpt":{"rendered":"<p>Share<\/p>\n","protected":false},"author":6,"featured_media":2376,"parent":0,"menu_order":0,"comment_status":"closed","ping_status":"closed","template":"page-fullwidth.php","meta":{"rea_page_title_signed_in_meta_block_field":"Despre simptomele schizofreniei","rea_page_title_signed_out_meta_block_field":"Despre simptomele schizofreniei","rea_page_description_signed_in_meta_block_field":"Oamenii cu schizofrenie pot prezenta o serie de simptome, care le pot afecta calitatea vie\u021bii.\u00b9 De regul\u0103, aceste simptome apar la o v\u00e2rst\u0103 fraged\u0103,","rea_page_description_signed_out_meta_block_field":"Oamenii cu schizofrenie pot prezenta o serie de simptome, care le pot afecta calitatea vie\u021bii.\u00b9 De regul\u0103, aceste simptome apar la o v\u00e2rst\u0103 fraged\u0103,","rea_page_footer_id_meta_block_field":"","rea_page_footer_date_meta_block_field":"","rank_math_lock_modified_date":false,"footnotes":""},"class_list":["post-8947","page","type-page","status-publish","has-post-thumbnail","hentry"],"acf":[],"_links":{"self":[{"href":"https:\/\/schizophrenialife.md\/public\/wp-json\/wp\/v2\/pages\/8947","targetHints":{"allow":["GET"]}}],"collection":[{"href":"https:\/\/schizophrenialife.md\/public\/wp-json\/wp\/v2\/pages"}],"about":[{"href":"https:\/\/schizophrenialife.md\/public\/wp-json\/wp\/v2\/types\/page"}],"author":[{"embeddable":true,"href":"https:\/\/schizophrenialife.md\/public\/wp-json\/wp\/v2\/users\/6"}],"replies":[{"embeddable":true,"href":"https:\/\/schizophrenialife.md\/public\/wp-json\/wp\/v2\/comments?post=8947"}],"version-history":[{"count":16,"href":"https:\/\/schizophrenialife.md\/public\/wp-json\/wp\/v2\/pages\/8947\/revisions"}],"predecessor-version":[{"id":9427,"href":"https:\/\/schizophrenialife.md\/public\/wp-json\/wp\/v2\/pages\/8947\/revisions\/9427"}],"wp:featuredmedia":[{"embeddable":true,"href":"https:\/\/schizophrenialife.md\/public\/wp-json\/wp\/v2\/media\/2376"}],"wp:attachment":[{"href":"https:\/\/schizophrenialife.md\/public\/wp-json\/wp\/v2\/media?parent=8947"}],"curies":[{"name":"wp","href":"https:\/\/api.w.org\/{rel}","templated":true}]}}