{"id":8945,"date":"2023-12-15T08:16:00","date_gmt":"2023-12-15T07:16:00","guid":{"rendered":"https:\/\/schizophrenialife.md\/public\/?page_id=8945"},"modified":"2025-12-18T13:35:55","modified_gmt":"2025-12-18T12:35:55","slug":"scurta-prezentare-generala-a-schizofreniei","status":"publish","type":"page","link":"https:\/\/schizophrenialife.md\/public\/scurta-prezentare-generala-a-schizofreniei\/","title":{"rendered":"Scurt\u0103 prezentare general\u0103 a schizofreniei"},"content":{"rendered":"\n<div class=\"wp-block-rea-hero-banner-rea-hero-banner-block rea-hero-banner-block front has-margin no-btn\"><div class=\"rea-hero-banner-block__image\" style=\"background-image: url(https:\/\/schizophrenialife.md\/public\/wp-content\/uploads\/2019\/03\/wooden.png)\"><img decoding=\"async\" class=\"hero-banner-background\" alt=\"\" src=\"https:\/\/schizophrenialife.md\/public\/wp-content\/uploads\/2019\/03\/wooden.png\"><\/div><div class=\"rea-hero-banner-block__content\"><div class=\"rea-hero-banner-block__content--wrapper\"><div class=\"text-wrapper\"><h1 class=\"hero-banner-title\">Scurt\u0103 prezentare general\u0103 a schizofreniei<\/h1><p class=\"hero-banner-text\">Schizofrenia este o tulburare a s\u0103n\u0103t\u0103\u021bii mintale cu o cauz\u0103 care nu este \u00eenc\u0103 definit\u0103 \u0219i care prezint\u0103 o varietate de simptome clinice.<\/p><a class=\"button__primary button-text\" href=\"\"><\/a><p class=\"hero-banner-signed-out-text js-hide-dc-signed-in\"><\/p><\/div><div class=\"image-wrapper\"><img decoding=\"async\" class=\"hero-banner-image js-rea-parallax\" alt=\"\" src=\"https:\/\/schizophrenialife.md\/public\/wp-content\/uploads\/2019\/11\/17-Timi-szept-30_00001.jpg\"><\/div><\/div><\/div><\/div>\n\n\n\n<div class=\"wp-block-rea-title-rea-title-block rea-title-block front\"><div class=\"rea-title-block__content\"><h3 id=\"prezentare-general\" class=\"content-title \">Prezentare general\u0103<\/h3><h4 class=\"content-subtitle rea-hidden\"><\/h4><\/div><\/div>\n\n\n\n<div class=\"wp-block-rea-paragraph-rea-paragraph-block rea-paragraph-block front\"><div class=\"rea-paragraph-block__content\"><p class=\"content-text\">Schizofrenia se poate defini drept o boal\u0103 mintal\u0103 sever\u0103, care afecteaz\u0103 comportamentele, g\u00e2ndurile \u0219i emo\u021biile. Pute\u021bi observa primele simptome \u00een perioada adolescen\u021bei sau a v\u00e2rstei adulte, dar de fapt \u00eencepe cu mult mai devreme<sup>1<\/sup>. <br><br>B\u0103rba\u021bii sunt mult mai predispu\u0219i s\u0103 prezinte simptome \u00een jurul v\u00e2rstei de 15\u00a0\u2013\u00a025 de ani, \u00een timp ce la femei apar de regul\u0103 mai t\u00e2rziu (35\u00a0\u2013\u00a045 de ani). Cu toate acestea, schizofrenia este diagnosticat\u0103 consecvent \u00een toate culturile \u0219i sexele<sup>2<\/sup>. <br><br>Peste 21 de milioane de oameni au schizofrenie la nivel mondial \u0219i este mai frecvent\u0103 la b\u0103rba\u021bi dec\u00e2t la femei<sup>3<\/sup>. <\/p><\/div><\/div>\n\n\n\n<div class=\"wp-block-rea-separator-rea-separator-block rea-separator-block front\"><div class=\"rea-separator-block__content\"><hr class=\"rea-separator-block__separator\"><\/div><\/div>\n\n\n\n<div class=\"wp-block-rea-title-rea-title-block rea-title-block front\"><div class=\"rea-title-block__content\"><h3 id=\"cauze-i-simptome\" class=\"content-title \">Cauze \u0219i simptome<\/h3><h4 class=\"content-subtitle rea-hidden\"><\/h4><\/div><\/div>\n\n\n\n<div class=\"wp-block-rea-paragraph-rea-paragraph-block rea-paragraph-block front\"><div class=\"rea-paragraph-block__content\"><p class=\"content-text\">\u00cen final, cauza clar\u0103 a schizofreniei este necunoscut\u0103. Cu toate acestea, exist\u0103 anumite elemente cunoscute ca av\u00e2nd un rol important, de exemplu: factorii prenatali, consumul de droguri \u0219i factorii sociali<sup>4-7<\/sup>.<br><br>Factorii asocia\u021bi stilului de via\u021b\u0103 au fost asocia\u021bi \u0219i cu un risc crescut de a dezvolta schizofrenie. De exemplu, consumul de canabis<sup>4<\/sup> sau factorii sociali cum ar fi cre\u0219terea \u00eentr-un ora\u0219 mare sau evenimente extrem de emo\u021bionante \u00een via\u021ba cuiva, s-au asociat cu aceast\u0103 boal\u0103<sup>5-7<\/sup>.<br><br>Rela\u021bia dintre consumul de canabis \u0219i psihoz\u0103 a fost studiat\u0103 foarte mult. Exist\u0103 cercet\u0103ri care sugereaz\u0103 c\u0103 utilizarea canabisului cre\u0219te posibilitatea de schizofrenie \u0219i c\u0103 subiec\u021bii cu boli mintale tind s\u0103 foloseasc\u0103 mai mult marijuana, iar cei predispu\u0219i la psihoze sunt mai susceptibili s\u0103 consume marijuana dec\u00e2t popula\u021bia general\u0103<sup>13<\/sup>. Un articol foarte recent din 2019 publicat \u00een The Lancet afirm\u0103 c\u0103 30% din primele episoade de psihoz\u0103 tr\u0103ite \u00een Londra \u0219i 50% din cele tr\u0103ite \u00een Amsterdam ar fi putut fi prevenite dac\u0103 \u00een aceste ora\u0219e nu ar fi fost disponibil canabis concentrat<sup>14<\/sup>.<br><br>Riscul de schizofrenie este mai mare \u00een familie, par\u021bial deoarece ar putea exista factori genetici subiacen\u021bi schizofreniei<sup>6,7,9<\/sup>. Cu toate acestea, impactul genelor depinde \u0219i de interac\u021biunea acestora cu mediul, astfel \u00eenc\u00e2t genetica \u00een sine nu poate fi asociat\u0103 cu dezvoltarea schizofreniei<sup>6<\/sup>.<br><br>Unele anomalii fizice din anatomia \u0219i func\u021bionarea creierului pot avea la r\u00e2ndul lor efect asupra apari\u021biei bolii<sup>10<\/sup>.<br><br>Cercetarea a ar\u0103tat c\u0103 la persoanele cu schizofrenie, dezvoltarea cerebral\u0103 este afectat\u0103 \u00een perioada adolescen\u021bei<sup>10<\/sup>. Aceasta pare s\u0103 se desf\u0103\u0219oare \u00een dou\u0103 moduri posibile:<\/p><\/div><\/div>\n\n\n\n<div class=\"wp-block-rea-list-rea-list-block rea-list-block front\"><div class=\"rea-list-block__wrapper\"><div class=\"list-unordered list\"><p>Neuronii din creieri sunt conecta\u021bi \u00een re\u021bele care sunt importante pentru func\u021bionarea \u0219i dezvoltarea creierului. \u00cen zona frontal\u0103 a creierului, denumit\u0103 cortex prefrontal, ramurile neuronale exterioare (denumite sinapse \u0219i dendite) pot fi expuse unui \u201epruning\u201d(deconectare neuronal\u0103) excesiv, care \u00eentrerupe conexiunile normale din cadrul re\u021belei. Pruning-ul este un fenomen normal, dar este mai accentuat la persoanele cu schizofrenie<sup>6<\/sup>.<\/p><p>Neuronii comunic\u0103 \u00eentre ei folosind neurotransmi\u021b\u0103tori, substan\u021be chimice care transport\u0103 mesajul \u00een creier. Reglarea necorespunz\u0103toare a neurotransmi\u021b\u0103torilor poate duce la o transmitere defectuoas\u0103 a mesajului \u0219i poate afecta dezvoltarea creierului. La persoanele cu schizofrenie, unii neurotransmi\u021b\u0103tori par s\u0103 aib\u0103 o activitate neobi\u0219nuit\u0103: dopamina, serotonina \u0219i glutamatul<sup>6,11<\/sup>.<\/p><\/div><\/div><\/div>\n\n\n\n<div class=\"wp-block-rea-paragraph-rea-paragraph-block rea-paragraph-block front\"><div class=\"rea-paragraph-block__content\"><p class=\"content-text\">Schizofrenia are o gam\u0103 larg\u0103 de simptome care pot fi identificate, dar \u00een cele din urm\u0103 pot fi grupate \u00een categorii: <a href=\"https:\/\/schizophrenialife.md\/public\/understanding-schizophrenia\/simptome\/\">pozitive<\/a> (cum ar fi halucina\u021biile \u0219i delirul), <a href=\"https:\/\/schizophrenialife.md\/public\/understanding-schizophrenia\/simptome\/\">negative<\/a> (asociate unui nivel de expresivitate \u0219i motiva\u021bie redus) \u0219i <a href=\"https:\/\/schizophrenialife.md\/public\/understanding-schizophrenia\/simptome\/\">cognitive<\/a> (dificult\u0103\u021bi \u00een organizarea g\u00e2ndurilor \u0219i stabilirea planurilor)<sup>12<\/sup>.<\/p><\/div><\/div>\n\n\n\n<div class=\"wp-block-rea-quote-rea-quote-block rea-quote-block front\"><div class=\"rea-quote-block__wrapper\"><div class=\"rea-quote-block__content-type\"><div class=\"rea-quote-block__content-type--background\" data-type=\"book\"><div class=\"rea-quote-block__content-type--icon attr-content-type\" data-type=\"book\"><div class=\"content-type-icon\"><\/div><\/div><\/div><\/div><div class=\"rea-quote-block__content-area\"><p class=\"rea-quote-block__content-area--content-type html-content-type-title\" data-type=\"book\"><\/p><h5 class=\"rea-quote-block__content-area--title html-title\">Clasificarea ICD-10 a bolilor mintale \u0219i comportamentale<\/h5><div class=\"rea-quote-block__content-area--subtitle html-subtitle\">Organiza\u021bia Mondial\u0103 a S\u0103n\u0103t\u0103\u021bii<\/div><div class=\"rea-quote-block__content-area--reference html-reference\"><a href=\"https:\/\/schizophrenialife.md\/public\/understanding-schizophrenia\/simptome\/\">Despre simptomele schizofreniei<\/a><\/div><div class=\"rea-quote-block__content-area--text html-text\"><\/div><\/div><\/div><\/div>\n\n\n\n<div class=\"wp-block-rea-references-rea-references-block rea-references-block front\"><div class=\"rea-references-block__references\"><p class=\"references-title\">Referinte<\/p><ol class=\"references-list\"><li>ICD-10 Classification of Mental and Behavioural Disorders  <a href=\"https:\/\/icd.who.int\/browse10\/2016\/en#\/F20\" rel=\"nofollow noopener\" target=\"_blank\">https:\/\/icd.who.int\/browse10\/2016\/en#\/F20<\/a>. Accessed July 2019<\/li><li>Mathews M. Schizophrenia and Acute Psychosis. August 2013<\/li><li>WHO schizophrenia fact sheet <a href=\"https:\/\/www.who.int\/news-room\/fact-sheets\/detail\/schizophrenia\" rel=\"nofollow noopener\" target=\"_blank\">https:\/\/www.who.int\/news-room\/fact-sheets\/detail\/schizophrenia<\/a>. Accessed July 2019<\/li><li>Haller CS, Padmanabhan JL, Lizano P, Torous J, Keshavan M. Recent advances in understanding schizophrenia. F1000Prime Rep. 2014 Jul 8;6:57. doi: 10.12703\/P6-57. eCollection 2014. Review.<\/li><li>Klosterk\u00f6tter J, Schultze-Lutter F, Bechdolf A, Ruhrmann S. Prediction and prevention of schizophrenia: what has been achieved and where to go next? World Psychiatry. 2011;10(3):165\u2013174.<\/li><li>Sullivan PF, Kendler KS, Neale MC., Schizophrenia as a complex trait: evidence from a meta-analysis of twin studies. Arch Gen Psychiatry. 2003 Dec;60(12):1187-92.<\/li><li>McGuffin P. Nature and nurture interplay: schizophrenia. Psychiatr Prax. 2004 Nov;31 Suppl 2:S189-93.<\/li><li><a href=\"https:\/\/www.bbc.co.uk\/news\/health-12617495\" rel=\"nofollow noopener\" target=\"_blank\">https:\/\/www.bbc.co.uk\/news\/health-12617495<\/a> [Accessed July 2019] <\/li><li>Kety SS. Arch Gen Psychiatry 1994;51(6):442-55<\/li><li><a href=\"https:\/\/www.nhs.uk\/conditions\/schizophrenia\/causes\/\" rel=\"nofollow noopener\" target=\"_blank\">https:\/\/www.nhs.uk\/conditions\/schizophrenia\/causes\/<\/a> [Accessed July 2019]<\/li><li>Brisch et al. The Role of Dopamine in Schizophrenia from a Neurobiological and Evolutionary Perspective: Old Fashioned, but Still in Vogue Front Psychiatry. 2014; 5: 47<\/li><li>NIH. Mental Health Information. Schizophrenia. <a href=\"https:\/\/www.nimh.nih.gov\/health\/topics\/schizophrenia\/index.shtml\" rel=\"nofollow noopener\" target=\"_blank\">https:\/\/www.nimh.nih.gov\/health\/topics\/schizophrenia\/index.shtml<\/a> Accessed July 2019<\/li><li>Psychol Med. 2017 Apr;47(5):971-980. doi: 10.1017\/S0033291716003172. Epub 2016 Dec 8. Assessing causality in associations between cannabis use and schizophrenia risk: a two-sample Mendelian randomization study. Gage SH, Jones HJ, Burgess S, Bowden J, Davey Smith G, Zammit S, Munaf\u00f2 MR.<\/li><li>The Lancet Psychiatry, VOLUME 6, ISSUE 5, P427-436, MAY 01, 2019. The contribution of cannabis use to variation in the incidence of psychotic disorder across Europe (EU-GEI): a multicentre case-control study. Marta Di Forti, PhD , Diego Quattrone, MD, Giada Tripoli, MSc,Charlotte Gayer-Anderson, PhD, Harriet Quigley, MD et al<\/li><\/ol><\/div><\/div>\n\n\n\n\n<div class=\"wp-block-rea-title-rea-title-block rea-title-block front rea-share-block\" style=\"margin-bottom:30px;text-align:center;\">\n\t\t<div class=\"\">\n\t\t\t<span style=\"display:block;margin-bottom:10px;font-size:20px;\">Share<\/span>\n\t\t\t<a href=\"https:\/\/www.facebook.com\/sharer\/sharer.php?u=https:\/\/schizophrenialife.md\/public\/wp-json\/wp\/v2\/pages\/8945\" class=\"facebook-share\" target=\"_blank\"><\/a>\n\t\t\t<a href=\"https:\/\/www.linkedin.com\/shareArticle?mini=true&#038;url=https:\/\/schizophrenialife.md\/public\/wp-json\/wp\/v2\/pages\/8945\" class=\"linkedin-share\" target=\"_blank\"><\/a>\n\t\t<\/div>\n\t<\/div>","protected":false},"excerpt":{"rendered":"<p>Share<\/p>\n","protected":false},"author":6,"featured_media":1154,"parent":0,"menu_order":0,"comment_status":"closed","ping_status":"closed","template":"page-fullwidth.php","meta":{"rea_page_title_signed_in_meta_block_field":"Scurt\u0103 prezentare general\u0103 a schizofreniei","rea_page_title_signed_out_meta_block_field":"Scurt\u0103 prezentare general\u0103 a schizofreniei","rea_page_description_signed_in_meta_block_field":"Schizofrenia se poate defini drept o boal\u0103 mintal\u0103 sever\u0103, care afecteaz\u0103 comportamentele, g\u00e2ndurile \u0219i emo\u021biile. Este posibil s\u0103 observa\u021bi doar primele simptome","rea_page_description_signed_out_meta_block_field":"Schizofrenia se poate defini drept o boal\u0103 mintal\u0103 sever\u0103, care afecteaz\u0103 comportamentele, g\u00e2ndurile \u0219i emo\u021biile. Este posibil s\u0103 observa\u021bi doar primele simptome","rea_page_footer_id_meta_block_field":"","rea_page_footer_date_meta_block_field":"","rank_math_lock_modified_date":false,"footnotes":""},"class_list":["post-8945","page","type-page","status-publish","has-post-thumbnail","hentry"],"acf":[],"_links":{"self":[{"href":"https:\/\/schizophrenialife.md\/public\/wp-json\/wp\/v2\/pages\/8945","targetHints":{"allow":["GET"]}}],"collection":[{"href":"https:\/\/schizophrenialife.md\/public\/wp-json\/wp\/v2\/pages"}],"about":[{"href":"https:\/\/schizophrenialife.md\/public\/wp-json\/wp\/v2\/types\/page"}],"author":[{"embeddable":true,"href":"https:\/\/schizophrenialife.md\/public\/wp-json\/wp\/v2\/users\/6"}],"replies":[{"embeddable":true,"href":"https:\/\/schizophrenialife.md\/public\/wp-json\/wp\/v2\/comments?post=8945"}],"version-history":[{"count":19,"href":"https:\/\/schizophrenialife.md\/public\/wp-json\/wp\/v2\/pages\/8945\/revisions"}],"predecessor-version":[{"id":9428,"href":"https:\/\/schizophrenialife.md\/public\/wp-json\/wp\/v2\/pages\/8945\/revisions\/9428"}],"wp:featuredmedia":[{"embeddable":true,"href":"https:\/\/schizophrenialife.md\/public\/wp-json\/wp\/v2\/media\/1154"}],"wp:attachment":[{"href":"https:\/\/schizophrenialife.md\/public\/wp-json\/wp\/v2\/media?parent=8945"}],"curies":[{"name":"wp","href":"https:\/\/api.w.org\/{rel}","templated":true}]}}